{"id":57043,"date":"2026-02-18T14:42:07","date_gmt":"2026-02-18T12:42:07","guid":{"rendered":"https:\/\/www.docuteam.ch\/beratung-in-informationsmanagement\/"},"modified":"2026-02-18T14:47:19","modified_gmt":"2026-02-18T12:47:19","slug":"beratung-in-informationsmanagement","status":"publish","type":"page","link":"https:\/\/www.docuteam.ch\/en\/beratung-in-informationsmanagement\/","title":{"rendered":"Beratung in Informationsmanagement"},"content":{"rendered":"<div class=\"wpb-content-wrapper\">[vc_row css=&#8221;.vc_custom_1678725216088{padding-top: 60px !important;}&#8221;][vc_column]<style>.vcex-heading.vcex_69f5f42ece96e{color:#cc0000;font-size:35px;font-weight:600;}.vcex-heading.vcex_69f5f42ece96e:hover{color:#cc0000;}@media (max-width:1024px){.vcex-heading.vcex_69f5f42ece96e{font-size:30px;}}@media (max-width:959px){.vcex-heading.vcex_69f5f42ece96e{font-size:30px;}}@media (max-width:767px){.vcex-heading.vcex_69f5f42ece96e{font-size:22px;}}@media (max-width:479px){.vcex-heading.vcex_69f5f42ece96e{font-size:22px;}}<\/style><h2 class=\"vcex-heading vcex-heading-plain vcex-module wpex-heading wpex-text-2xl wpex-text-left vcex_69f5f42ece96e\"><span class=\"vcex-heading-inner wpex-inline-block\">Beratung in Informationsmanagement<\/span><\/h2>[vc_empty_space height=&#8221;1.5rem&#8221;][vc_column_text text_align=&#8221;left&#8221; color=&#8221;#000000&#8243; font_size=&#8221;23&#8243; line_height=&#8221;2&#8243; font_weight=&#8221;500&#8243;]\nInformation ist Ihr Kapital. Wir strukturieren sie und machen sie verf\u00fcgbar \u2013 damit sie zum Ged\u00e4chtnis Ihrer Organisation wird.<br \/>\n[\/vc_column_text][vc_empty_space height=&#8221;10px&#8221;]<style>.vcex-button.vcex_69f5f42ecf72a{margin-block-start:30px;}<\/style><a href=\"https:\/\/outlook.office.com\/book\/docuteam2@docuteam.ch\/s\/2giXg8X4F0mdYscxpg5MOw2\" class=\"vcex-button theme-button inline vcex_69f5f42ecf72a\" target=\"_blank\" rel=\"noopener noreferrer\"><span class=\"vcex-button-inner theme-button-inner wpex-flex wpex-flex-wrap wpex-items-center wpex-justify-center\">\nTermin buchen<br \/>\n<\/span><\/a> [\/vc_column][\/vc_row][vc_row][vc_column][vc_column_text]\n[\/vc_column_text][\/vc_column][\/vc_row][vc_row content_placement=&#8221;top&#8221; css=&#8221;.vc_custom_1680516574029{padding-top: 40px !important;}&#8221; local_scroll_id=&#8221;expertise&#8221;][vc_column]<style>.vcex-heading.vcex_69f5f42ecfcb0{color:#cc0000;font-size:35px;font-weight:600;}.vcex-heading.vcex_69f5f42ecfcb0:hover{color:#cc0000;}@media (max-width:1024px){.vcex-heading.vcex_69f5f42ecfcb0{font-size:30px;}}@media (max-width:959px){.vcex-heading.vcex_69f5f42ecfcb0{font-size:30px;}}@media (max-width:767px){.vcex-heading.vcex_69f5f42ecfcb0{font-size:22px;}}@media (max-width:479px){.vcex-heading.vcex_69f5f42ecfcb0{font-size:22px;}}<\/style><h2 class=\"vcex-heading vcex-heading-plain vcex-module wpex-heading wpex-text-2xl wpex-text-left vcex_69f5f42ecfcb0\"><span class=\"vcex-heading-inner wpex-inline-block\">Unsere Expertise, vielfach bew\u00e4hrt<\/span><\/h2>[vc_column_text css=&#8221;.vc_custom_2612700000101{padding-top: 10px !important;}&#8221; text_align=&#8221;left&#8221; font_size=&#8221;d:20|tl:20|tp:20|pl:17|pp:17&#8243; line_height=&#8221;2&#8243; color=&#8221;#000000&#8243; font_weight=&#8221;600&#8243;]\nDie Menge an Daten und Systemen nimmt stetig zu. Die Komplexit\u00e4t wird beherrschbar, wenn Strukturen, Regeln und Informationssicherheit aus einer Gesamtperspektive orchestriert werden: Eine strategische Information Governance ist die Grundlage.<br \/>\n[\/vc_column_text][vc_column_text css=&#8221;.vc_custom_2612700000102{padding-top: 10px !important;}&#8221; text_align=&#8221;left&#8221; font_size=&#8221;d:20|tl:20|tp:20|pl:17|pp:17&#8243; line_height=&#8221;2&#8243; color=&#8221;#000000&#8243; font_weight=&#8221;600&#8243;]\nWir komplettieren in dieser Gesamtsicht Ihre Informationslandschaft und Ihr Records Management. Konkret sprechen wir von:<br \/>\n[\/vc_column_text][vc_empty_space height=&#8221;1rem&#8221;][vc_row_inner equal_height=&#8221;yes&#8221; content_placement=&#8221;top&#8221; el_class=&#8221;di-tiles&#8221;][vc_column_inner width=&#8221;1\/2&#8243;]<style>.vcex-heading.vcex_69f5f42ed0253{color:#000000;font-size:22px;font-weight:700;}@media (max-width:1024px){.vcex-heading.vcex_69f5f42ed0253{font-size:22px;}}@media (max-width:959px){.vcex-heading.vcex_69f5f42ed0253{font-size:22px;}}@media (max-width:767px){.vcex-heading.vcex_69f5f42ed0253{font-size:20px;}}@media (max-width:479px){.vcex-heading.vcex_69f5f42ed0253{font-size:20px;}}<\/style><h4 class=\"vcex-heading vcex-heading-plain vcex-module wpex-heading wpex-text-2xl wpex-text-left vcex_69f5f42ed0253\"><span class=\"vcex-heading-inner wpex-inline-block\">Microsoft 365 und Records Management<\/span><\/h4>[vc_column_text el_class=&#8221;di-tile&#8221; text_align=&#8221;left&#8221; font_size=&#8221;d:20|tl:20|tp:20|pl:17|pp:17&#8243; line_height=&#8221;2&#8243; color=&#8221;#000000&#8243; font_weight=&#8221;600&#8243;]\nKonfiguration von Microsoft 365 f\u00fcr Records Management<br \/>\n[\/vc_column_text][\/vc_column_inner][vc_column_inner width=&#8221;1\/2&#8243;]<style>.vcex-heading.vcex_69f5f42ed07d5{color:#000000;font-size:22px;font-weight:700;}@media (max-width:1024px){.vcex-heading.vcex_69f5f42ed07d5{font-size:22px;}}@media (max-width:959px){.vcex-heading.vcex_69f5f42ed07d5{font-size:22px;}}@media (max-width:767px){.vcex-heading.vcex_69f5f42ed07d5{font-size:20px;}}@media (max-width:479px){.vcex-heading.vcex_69f5f42ed07d5{font-size:20px;}}<\/style><h4 class=\"vcex-heading vcex-heading-plain vcex-module wpex-heading wpex-text-2xl wpex-text-left vcex_69f5f42ed07d5\"><span class=\"vcex-heading-inner wpex-inline-block\">GEVER<\/span><\/h4>[vc_column_text el_class=&#8221;di-tile&#8221; text_align=&#8221;left&#8221; font_size=&#8221;d:20|tl:20|tp:20|pl:17|pp:17&#8243; line_height=&#8221;2&#8243; color=&#8221;#000000&#8243; font_weight=&#8221;600&#8243;]\nEinf\u00fchrung und Optimierung von GEVER<br \/>\n[\/vc_column_text][\/vc_column_inner][vc_column_inner width=&#8221;1\/2&#8243;]<style>.vcex-heading.vcex_69f5f42ed0cd8{color:#000000;font-size:22px;font-weight:700;}@media (max-width:1024px){.vcex-heading.vcex_69f5f42ed0cd8{font-size:22px;}}@media (max-width:959px){.vcex-heading.vcex_69f5f42ed0cd8{font-size:22px;}}@media (max-width:767px){.vcex-heading.vcex_69f5f42ed0cd8{font-size:20px;}}@media (max-width:479px){.vcex-heading.vcex_69f5f42ed0cd8{font-size:20px;}}<\/style><h4 class=\"vcex-heading vcex-heading-plain vcex-module wpex-heading wpex-text-2xl wpex-text-left vcex_69f5f42ed0cd8\"><span class=\"vcex-heading-inner wpex-inline-block\">Lebenszyklus-Management<\/span><\/h4>[vc_column_text el_class=&#8221;di-tile&#8221; text_align=&#8221;left&#8221; font_size=&#8221;d:20|tl:20|tp:20|pl:17|pp:17&#8243; line_height=&#8221;2&#8243; color=&#8221;#000000&#8243; font_weight=&#8221;600&#8243;]\nLebenszyklus-Management mit Aufbewahrungsfristen und Bewertung auf Archivw\u00fcrdigkeit<br \/>\n[\/vc_column_text][\/vc_column_inner][vc_column_inner width=&#8221;1\/2&#8243;]<style>.vcex-heading.vcex_69f5f42ed11d0{color:#000000;font-size:22px;font-weight:700;}@media (max-width:1024px){.vcex-heading.vcex_69f5f42ed11d0{font-size:22px;}}@media (max-width:959px){.vcex-heading.vcex_69f5f42ed11d0{font-size:22px;}}@media (max-width:767px){.vcex-heading.vcex_69f5f42ed11d0{font-size:20px;}}@media (max-width:479px){.vcex-heading.vcex_69f5f42ed11d0{font-size:20px;}}<\/style><h4 class=\"vcex-heading vcex-heading-plain vcex-module wpex-heading wpex-text-2xl wpex-text-left vcex_69f5f42ed11d0\"><span class=\"vcex-heading-inner wpex-inline-block\">Ordnungssystem<\/span><\/h4>[vc_column_text css=&#8221;&#8221; el_class=&#8221;di-tile&#8221; text_align=&#8221;left&#8221; font_size=&#8221;d:20|tl:20|tp:20|pl:17|pp:17&#8243; line_height=&#8221;2&#8243; color=&#8221;#000000&#8243; font_weight=&#8221;600&#8243;]Erarbeitung und Optimierung eines Ordnungssystems oder Registraturplans[\/vc_column_text][\/vc_column_inner][vc_column_inner width=&#8221;1\/2&#8243;]<style>.vcex-heading.vcex_69f5f42ed16d6{color:#000000;font-size:22px;font-weight:700;}@media (max-width:1024px){.vcex-heading.vcex_69f5f42ed16d6{font-size:22px;}}@media (max-width:959px){.vcex-heading.vcex_69f5f42ed16d6{font-size:22px;}}@media (max-width:767px){.vcex-heading.vcex_69f5f42ed16d6{font-size:20px;}}@media (max-width:479px){.vcex-heading.vcex_69f5f42ed16d6{font-size:20px;}}<\/style><h4 class=\"vcex-heading vcex-heading-plain vcex-module wpex-heading wpex-text-2xl wpex-text-left vcex_69f5f42ed16d6\"><span class=\"vcex-heading-inner wpex-inline-block\">Regelwerke<\/span><\/h4>[vc_column_text el_class=&#8221;di-tile&#8221; text_align=&#8221;left&#8221; font_size=&#8221;d:20|tl:20|tp:20|pl:17|pp:17&#8243; line_height=&#8221;2&#8243; color=&#8221;#000000&#8243; font_weight=&#8221;600&#8243;]\nErarbeitung von Regelwerken<br \/>\n[\/vc_column_text][\/vc_column_inner][vc_column_inner width=&#8221;1\/2&#8243;]<style>.vcex-heading.vcex_69f5f42ed1bd7{color:#000000;font-size:22px;font-weight:700;}@media (max-width:1024px){.vcex-heading.vcex_69f5f42ed1bd7{font-size:22px;}}@media (max-width:959px){.vcex-heading.vcex_69f5f42ed1bd7{font-size:22px;}}@media (max-width:767px){.vcex-heading.vcex_69f5f42ed1bd7{font-size:20px;}}@media (max-width:479px){.vcex-heading.vcex_69f5f42ed1bd7{font-size:20px;}}<\/style><h4 class=\"vcex-heading vcex-heading-plain vcex-module wpex-heading wpex-text-2xl wpex-text-left vcex_69f5f42ed1bd7\"><span class=\"vcex-heading-inner wpex-inline-block\">Konzepte<\/span><\/h4>[vc_column_text el_class=&#8221;di-tile&#8221; text_align=&#8221;left&#8221; font_size=&#8221;d:20|tl:20|tp:20|pl:17|pp:17&#8243; line_height=&#8221;2&#8243; color=&#8221;#000000&#8243; font_weight=&#8221;600&#8243;]\nKonzepte aller Art, etwa f\u00fcr Zugriff, Migration, Einf\u00fchrung, Schulung, Betrieb, L\u00f6schung, Archivierung<br \/>\n[\/vc_column_text][\/vc_column_inner][vc_column_inner width=&#8221;1\/2&#8243;]<style>.vcex-heading.vcex_69f5f42ed20ea{color:#000000;font-size:22px;font-weight:700;}@media (max-width:1024px){.vcex-heading.vcex_69f5f42ed20ea{font-size:22px;}}@media (max-width:959px){.vcex-heading.vcex_69f5f42ed20ea{font-size:22px;}}@media (max-width:767px){.vcex-heading.vcex_69f5f42ed20ea{font-size:20px;}}@media (max-width:479px){.vcex-heading.vcex_69f5f42ed20ea{font-size:20px;}}<\/style><h4 class=\"vcex-heading vcex-heading-plain vcex-module wpex-heading wpex-text-2xl wpex-text-left vcex_69f5f42ed20ea\"><span class=\"vcex-heading-inner wpex-inline-block\">Audit und Reifegrad<\/span><\/h4>[vc_column_text el_class=&#8221;di-tile&#8221; text_align=&#8221;left&#8221; font_size=&#8221;d:20|tl:20|tp:20|pl:17|pp:17&#8243; line_height=&#8221;2&#8243; color=&#8221;#000000&#8243; font_weight=&#8221;600&#8243;]\nAuditierung, \u00dcberpr\u00fcfung des Reifegrads im Records Management<br \/>\n[\/vc_column_text][\/vc_column_inner][\/vc_row_inner][\/vc_column][\/vc_row][vc_row][vc_column][vc_column_text]\n[\/vc_column_text][\/vc_column][\/vc_row][vc_row content_placement=&#8221;top&#8221; css=&#8221;.vc_custom_1680517817658{padding-top: 40px !important;}&#8221; local_scroll_id=&#8221;simplicity&#8221;][vc_column]<style>.vcex-heading.vcex_69f5f42ed25e0{color:#cc0000;font-size:35px;font-weight:600;}.vcex-heading.vcex_69f5f42ed25e0:hover{color:#cc0000;}@media (max-width:1024px){.vcex-heading.vcex_69f5f42ed25e0{font-size:30px;}}@media (max-width:959px){.vcex-heading.vcex_69f5f42ed25e0{font-size:30px;}}@media (max-width:767px){.vcex-heading.vcex_69f5f42ed25e0{font-size:22px;}}@media (max-width:479px){.vcex-heading.vcex_69f5f42ed25e0{font-size:22px;}}<\/style><h2 class=\"vcex-heading vcex-heading-plain vcex-module wpex-heading wpex-text-2xl wpex-text-left vcex_69f5f42ed25e0\"><span class=\"vcex-heading-inner wpex-inline-block\">Einfachheit ist das Prinzip<\/span><\/h2>[vc_column_text css=&#8221;.vc_custom_1769691407854{padding-top: 10px !important;}&#8221; text_align=&#8221;left&#8221; font_size=&#8221;d:20|tl:20|tp:20|pl:17|pp:17&#8243; line_height=&#8221;2&#8243; color=&#8221;#000000&#8243; font_weight=&#8221;600&#8243;]\nWir wollen es Ihren Mitarbeitenden so einfach wie m\u00f6glich machen: logische Strukturen, einfache Regeln, standardisierte Konfigurationen. Die Anwender erleben ein Change-Projekt, das ihnen Mehrwert bringt. Dies erfordert ein sorgf\u00e4ltiges Vorgehen und abgestimmte Kommunikation. Wir setzen Ihr Projekt konzeptionell rund auf und f\u00fchren Sie durch alle Phasen.<br \/>\n[\/vc_column_text][\/vc_column][\/vc_row][vc_row][vc_column][vc_column_text]\n[\/vc_column_text][\/vc_column][\/vc_row][vc_row][vc_column][\/vc_column][\/vc_row]\n<\/div>","protected":false},"excerpt":{"rendered":"<p>[vc_row css=&#8221;.vc_custom_1678725216088{padding-top: 60px !important;}&#8221;][vc_column][vc_empty_space height=&#8221;1.5rem&#8221;][vc_column_text text_align=&#8221;left&#8221; color=&#8221;#000000&#8243; font_size=&#8221;23&#8243; line_height=&#8221;2&#8243; font_weight=&#8221;500&#8243;] Information ist Ihr Kapital. Wir strukturieren sie und machen sie verf\u00fcgbar \u2013 damit sie zum Ged\u00e4chtnis Ihrer Organisation wird. [\/vc_column_text][vc_empty_space height=&#8221;10px&#8221;][\/vc_column][\/vc_row][vc_row][vc_column][vc_column_text] [\/vc_column_text][\/vc_column][\/vc_row][vc_row content_placement=&#8221;top&#8221; css=&#8221;.vc_custom_1680516574029{padding-top: 40px !important;}&#8221; local_scroll_id=&#8221;expertise&#8221;][vc_column][vc_column_text css=&#8221;.vc_custom_2612700000101{padding-top: 10px !important;}&#8221; text_align=&#8221;left&#8221; font_size=&#8221;d:20|tl:20|tp:20|pl:17|pp:17&#8243; line_height=&#8221;2&#8243; color=&#8221;#000000&#8243; font_weight=&#8221;600&#8243;] Die Menge an Daten und Systemen nimmt stetig zu. Die&hellip;<\/p>\n","protected":false},"author":2,"featured_media":0,"parent":0,"menu_order":0,"comment_status":"closed","ping_status":"closed","template":"","meta":{"footnotes":""},"class_list":["post-57043","page","type-page","status-publish","hentry","entry","no-media"],"yoast_head":"<!-- This site is optimized with the Yoast SEO plugin v27.5 - https:\/\/yoast.com\/product\/yoast-seo-wordpress\/ -->\n<title>docuteam - Optimierung Ihres Umgangs mit Gesch\u00e4ftsunterlagen<\/title>\n<meta name=\"description\" content=\"Beratung in Records Management und GEVER, Optimierung von Systemen, Beratung in allen Fragen der Archivierung.\" \/>\n<meta name=\"robots\" content=\"index, follow, max-snippet:-1, max-image-preview:large, max-video-preview:-1\" \/>\n<link rel=\"canonical\" href=\"https:\/\/www.docuteam.ch\/en\/beratung-in-informationsmanagement\/\" \/>\n<meta property=\"og:locale\" content=\"en_US\" \/>\n<meta property=\"og:type\" content=\"article\" \/>\n<meta property=\"og:title\" content=\"docuteam - Optimierung Ihres Umgangs mit Gesch\u00e4ftsunterlagen\" \/>\n<meta property=\"og:description\" content=\"Beratung in Records Management und GEVER, Optimierung von Systemen, Beratung in allen Fragen der Archivierung.\" \/>\n<meta property=\"og:url\" content=\"https:\/\/www.docuteam.ch\/en\/beratung-in-informationsmanagement\/\" \/>\n<meta property=\"og:site_name\" content=\"docuteam\" \/>\n<meta property=\"article:modified_time\" content=\"2026-02-18T12:47:19+00:00\" \/>\n<meta property=\"og:image\" content=\"https:\/\/www.docuteam.ch\/wp-content\/uploads\/2021\/04\/docuteam_recordsmanagement_UltraHD-scaled.jpg\" \/>\n<meta name=\"twitter:card\" content=\"summary_large_image\" \/>\n<meta name=\"twitter:title\" content=\"docuteam - Optimierung Ihres Umgangs mit Gesch\u00e4ftsunterlagen\" \/>\n<meta name=\"twitter:description\" content=\"Beratung in Records Management und GEVER, Optimierung von Systemen, Beratung in allen Fragen der Archivierung.\" \/>\n<meta name=\"twitter:image\" content=\"https:\/\/www.docuteam.ch\/wp-content\/uploads\/2021\/04\/docuteam_recordsmanagement_UltraHD-scaled.jpg\" \/>\n<meta name=\"twitter:site\" content=\"@DocuteamCH\" \/>\n<script type=\"application\/ld+json\" class=\"yoast-schema-graph\">{\"@context\":\"https:\\\/\\\/schema.org\",\"@graph\":[{\"@type\":\"WebPage\",\"@id\":\"https:\\\/\\\/www.docuteam.ch\\\/en\\\/beratung-in-informationsmanagement\\\/\",\"url\":\"https:\\\/\\\/www.docuteam.ch\\\/en\\\/beratung-in-informationsmanagement\\\/\",\"name\":\"docuteam - Optimierung Ihres Umgangs mit Gesch\u00e4ftsunterlagen\",\"isPartOf\":{\"@id\":\"https:\\\/\\\/www.docuteam.ch\\\/en\\\/#website\"},\"datePublished\":\"2026-02-18T12:42:07+00:00\",\"dateModified\":\"2026-02-18T12:47:19+00:00\",\"description\":\"Beratung in Records Management und GEVER, Optimierung von Systemen, Beratung in allen Fragen der Archivierung.\",\"breadcrumb\":{\"@id\":\"https:\\\/\\\/www.docuteam.ch\\\/en\\\/beratung-in-informationsmanagement\\\/#breadcrumb\"},\"inLanguage\":\"en-US\",\"potentialAction\":[{\"@type\":\"ReadAction\",\"target\":[\"https:\\\/\\\/www.docuteam.ch\\\/en\\\/beratung-in-informationsmanagement\\\/\"]}]},{\"@type\":\"BreadcrumbList\",\"@id\":\"https:\\\/\\\/www.docuteam.ch\\\/en\\\/beratung-in-informationsmanagement\\\/#breadcrumb\",\"itemListElement\":[{\"@type\":\"ListItem\",\"position\":1,\"name\":\"Accueil\",\"item\":\"https:\\\/\\\/www.docuteam.ch\\\/en\\\/\"},{\"@type\":\"ListItem\",\"position\":2,\"name\":\"Beratung in Informationsmanagement\"}]},{\"@type\":\"WebSite\",\"@id\":\"https:\\\/\\\/www.docuteam.ch\\\/en\\\/#website\",\"url\":\"https:\\\/\\\/www.docuteam.ch\\\/en\\\/\",\"name\":\"docuteam\",\"description\":\"Informationen sind Ihr langfristiges Kapital\",\"publisher\":{\"@id\":\"https:\\\/\\\/www.docuteam.ch\\\/en\\\/#organization\"},\"potentialAction\":[{\"@type\":\"SearchAction\",\"target\":{\"@type\":\"EntryPoint\",\"urlTemplate\":\"https:\\\/\\\/www.docuteam.ch\\\/en\\\/?s={search_term_string}\"},\"query-input\":{\"@type\":\"PropertyValueSpecification\",\"valueRequired\":true,\"valueName\":\"search_term_string\"}}],\"inLanguage\":\"en-US\"},{\"@type\":\"Organization\",\"@id\":\"https:\\\/\\\/www.docuteam.ch\\\/en\\\/#organization\",\"name\":\"docuteam\",\"url\":\"https:\\\/\\\/www.docuteam.ch\\\/en\\\/\",\"logo\":{\"@type\":\"ImageObject\",\"inLanguage\":\"en-US\",\"@id\":\"https:\\\/\\\/www.docuteam.ch\\\/en\\\/#\\\/schema\\\/logo\\\/image\\\/\",\"url\":\"https:\\\/\\\/www.docuteam.ch\\\/wp-content\\\/uploads\\\/2021\\\/03\\\/docuteam_big.png\",\"contentUrl\":\"https:\\\/\\\/www.docuteam.ch\\\/wp-content\\\/uploads\\\/2021\\\/03\\\/docuteam_big.png\",\"width\":200,\"height\":45,\"caption\":\"docuteam\"},\"image\":{\"@id\":\"https:\\\/\\\/www.docuteam.ch\\\/en\\\/#\\\/schema\\\/logo\\\/image\\\/\"},\"sameAs\":[\"https:\\\/\\\/x.com\\\/DocuteamCH\",\"https:\\\/\\\/www.linkedin.com\\\/company\\\/docuteam-ag\\\/mycompany\\\/\"]}]}<\/script>\n<!-- \/ Yoast SEO plugin. -->","yoast_head_json":{"title":"docuteam - Optimierung Ihres Umgangs mit Gesch\u00e4ftsunterlagen","description":"Beratung in Records Management und GEVER, Optimierung von Systemen, Beratung in allen Fragen der Archivierung.","robots":{"index":"index","follow":"follow","max-snippet":"max-snippet:-1","max-image-preview":"max-image-preview:large","max-video-preview":"max-video-preview:-1"},"canonical":"https:\/\/www.docuteam.ch\/en\/beratung-in-informationsmanagement\/","og_locale":"en_US","og_type":"article","og_title":"docuteam - Optimierung Ihres Umgangs mit Gesch\u00e4ftsunterlagen","og_description":"Beratung in Records Management und GEVER, Optimierung von Systemen, Beratung in allen Fragen der Archivierung.","og_url":"https:\/\/www.docuteam.ch\/en\/beratung-in-informationsmanagement\/","og_site_name":"docuteam","article_modified_time":"2026-02-18T12:47:19+00:00","og_image":[{"url":"https:\/\/www.docuteam.ch\/wp-content\/uploads\/2021\/04\/docuteam_recordsmanagement_UltraHD-scaled.jpg","type":"","width":"","height":""}],"twitter_card":"summary_large_image","twitter_title":"docuteam - Optimierung Ihres Umgangs mit Gesch\u00e4ftsunterlagen","twitter_description":"Beratung in Records Management und GEVER, Optimierung von Systemen, Beratung in allen Fragen der Archivierung.","twitter_image":"https:\/\/www.docuteam.ch\/wp-content\/uploads\/2021\/04\/docuteam_recordsmanagement_UltraHD-scaled.jpg","twitter_site":"@DocuteamCH","schema":{"@context":"https:\/\/schema.org","@graph":[{"@type":"WebPage","@id":"https:\/\/www.docuteam.ch\/en\/beratung-in-informationsmanagement\/","url":"https:\/\/www.docuteam.ch\/en\/beratung-in-informationsmanagement\/","name":"docuteam - Optimierung Ihres Umgangs mit Gesch\u00e4ftsunterlagen","isPartOf":{"@id":"https:\/\/www.docuteam.ch\/en\/#website"},"datePublished":"2026-02-18T12:42:07+00:00","dateModified":"2026-02-18T12:47:19+00:00","description":"Beratung in Records Management und GEVER, Optimierung von Systemen, Beratung in allen Fragen der Archivierung.","breadcrumb":{"@id":"https:\/\/www.docuteam.ch\/en\/beratung-in-informationsmanagement\/#breadcrumb"},"inLanguage":"en-US","potentialAction":[{"@type":"ReadAction","target":["https:\/\/www.docuteam.ch\/en\/beratung-in-informationsmanagement\/"]}]},{"@type":"BreadcrumbList","@id":"https:\/\/www.docuteam.ch\/en\/beratung-in-informationsmanagement\/#breadcrumb","itemListElement":[{"@type":"ListItem","position":1,"name":"Accueil","item":"https:\/\/www.docuteam.ch\/en\/"},{"@type":"ListItem","position":2,"name":"Beratung in Informationsmanagement"}]},{"@type":"WebSite","@id":"https:\/\/www.docuteam.ch\/en\/#website","url":"https:\/\/www.docuteam.ch\/en\/","name":"docuteam","description":"Informationen sind Ihr langfristiges Kapital","publisher":{"@id":"https:\/\/www.docuteam.ch\/en\/#organization"},"potentialAction":[{"@type":"SearchAction","target":{"@type":"EntryPoint","urlTemplate":"https:\/\/www.docuteam.ch\/en\/?s={search_term_string}"},"query-input":{"@type":"PropertyValueSpecification","valueRequired":true,"valueName":"search_term_string"}}],"inLanguage":"en-US"},{"@type":"Organization","@id":"https:\/\/www.docuteam.ch\/en\/#organization","name":"docuteam","url":"https:\/\/www.docuteam.ch\/en\/","logo":{"@type":"ImageObject","inLanguage":"en-US","@id":"https:\/\/www.docuteam.ch\/en\/#\/schema\/logo\/image\/","url":"https:\/\/www.docuteam.ch\/wp-content\/uploads\/2021\/03\/docuteam_big.png","contentUrl":"https:\/\/www.docuteam.ch\/wp-content\/uploads\/2021\/03\/docuteam_big.png","width":200,"height":45,"caption":"docuteam"},"image":{"@id":"https:\/\/www.docuteam.ch\/en\/#\/schema\/logo\/image\/"},"sameAs":["https:\/\/x.com\/DocuteamCH","https:\/\/www.linkedin.com\/company\/docuteam-ag\/mycompany\/"]}]}},"_links":{"self":[{"href":"https:\/\/www.docuteam.ch\/en\/wp-json\/wp\/v2\/pages\/57043","targetHints":{"allow":["GET"]}}],"collection":[{"href":"https:\/\/www.docuteam.ch\/en\/wp-json\/wp\/v2\/pages"}],"about":[{"href":"https:\/\/www.docuteam.ch\/en\/wp-json\/wp\/v2\/types\/page"}],"author":[{"embeddable":true,"href":"https:\/\/www.docuteam.ch\/en\/wp-json\/wp\/v2\/users\/2"}],"replies":[{"embeddable":true,"href":"https:\/\/www.docuteam.ch\/en\/wp-json\/wp\/v2\/comments?post=57043"}],"version-history":[{"count":1,"href":"https:\/\/www.docuteam.ch\/en\/wp-json\/wp\/v2\/pages\/57043\/revisions"}],"predecessor-version":[{"id":57044,"href":"https:\/\/www.docuteam.ch\/en\/wp-json\/wp\/v2\/pages\/57043\/revisions\/57044"}],"wp:attachment":[{"href":"https:\/\/www.docuteam.ch\/en\/wp-json\/wp\/v2\/media?parent=57043"}],"curies":[{"name":"wp","href":"https:\/\/api.w.org\/{rel}","templated":true}]}}