{"id":54571,"date":"2024-09-12T14:40:17","date_gmt":"2024-09-12T12:40:17","guid":{"rendered":"https:\/\/www.docuteam.ch\/?page_id=54571"},"modified":"2024-09-12T14:54:15","modified_gmt":"2024-09-12T12:54:15","slug":"toolbox","status":"publish","type":"page","link":"https:\/\/www.docuteam.ch\/fr\/toolbox\/","title":{"rendered":"toolbox"},"content":{"rendered":"<div class=\"wpb-content-wrapper\">[vc_row css=\u00a0\u00bb.vc_custom_1673360824771{margin-top: 60px !important;}\u00a0\u00bb][vc_column width=\u00a0\u00bb2\/3&Prime;][vc_column_text text_align=\u00a0\u00bbleft\u00a0\u00bb font_size=\u00a0\u00bbd:20|tl:20|tp:20|pl:17|pp:17&Prime; line_height=\u00a0\u00bb2&Prime; css=\u00a0\u00bb.vc_custom_1726144908190{padding-bottom: 10px !important;}\u00a0\u00bb]<b> Avec docuteam toolbox, vous ex\u00e9cutez rapidement et efficacement des processus sp\u00e9cialement adapt\u00e9s \u00e0 votre situation et \u00e0 vos t\u00e2ches sp\u00e9cifiques. Avec docuteam toolbox vous vous assurez de ma\u00eetriser la quantit\u00e9 et la complexit\u00e9 de vos donn\u00e9es.<\/b><\/p>\n<p>&nbsp;[\/vc_column_text][\/vc_column][vc_column width=\u00a0\u00bb1\/3&Prime;]<style>.vcex-list_item.vcex_69f357ed469cc{line-height:var(--wpex-leading-relaxed);}<\/style><div class=\"vcex-list_item vcex-module wpex-m-0 wpex-max-w-100 wpex-mb-5 vc_custom_1726144987434 vcex_69f357ed469cc\"><a href=\"https:\/\/www.docuteam.ch\/fr\/des-logiciels-concus-pour-vos-archives\/\" class=\"vcex-list-item-link wpex-no-underline\"><div class=\"vcex-list-item-inner wpex-inline-flex wpex-flex-no-wrap wpex-items-center\"><div class=\"vcex-list-item-icon wpex-mr-10\"><div class=\"vcex-list-item-icon-inner vcex-icon-wrap wpex-inline-flex wpex-justify-center wpex-items-center wpex-leading-none wpex-child-inherit-color\"><span class=\"wpex-icon--w fas fa-arrow-left\" aria-hidden=\"true\"><\/span><\/div><\/div><div class=\"vcex-list-item-text vcex-content wpex-flex-grow\">Aper\u00e7u des produits<\/div><\/div><\/a><\/div><style>.vcex-list_item.vcex_69f357ed49016{line-height:var(--wpex-leading-relaxed);}<\/style><div class=\"vcex-list_item vcex-module wpex-m-0 wpex-max-w-100 wpex-mb-5 vcex_69f357ed49016\"><a href=\"http:\/\/docs.docuteam.ch\" class=\"vcex-list-item-link wpex-no-underline\" target=\"_blank\" rel=\"noopener noreferrer\"><div class=\"vcex-list-item-inner wpex-inline-flex wpex-flex-no-wrap wpex-items-center\"><div class=\"vcex-list-item-icon wpex-mr-10\"><div class=\"vcex-list-item-icon-inner vcex-icon-wrap wpex-inline-flex wpex-justify-center wpex-items-center wpex-leading-none wpex-child-inherit-color\"><span class=\"wpex-icon--w fas fa-external-link-square-alt\" aria-hidden=\"true\"><\/span><\/div><\/div><div class=\"vcex-list-item-text vcex-content wpex-flex-grow\">docs.docuteam.ch<\/div><\/div><\/a><\/div><style>.vcex-list_item.vcex_69f357ed49521{line-height:var(--wpex-leading-relaxed);}<\/style><div class=\"vcex-list_item vcex-module wpex-m-0 wpex-max-w-100 wpex-mb-5 vcex_69f357ed49521\"><a href=\"mailto:inf&#111;&#064;doc&#117;t&#101;&#097;&#109;.ch\" class=\"vcex-list-item-link wpex-no-underline\" target=\"_blank\" rel=\"noopener noreferrer\"><div class=\"vcex-list-item-inner wpex-inline-flex wpex-flex-no-wrap wpex-items-center\"><div class=\"vcex-list-item-icon wpex-mr-10\"><div class=\"vcex-list-item-icon-inner vcex-icon-wrap wpex-inline-flex wpex-justify-center wpex-items-center wpex-leading-none wpex-child-inherit-color\"><span class=\"wpex-icon--w fas fa-envelope\" aria-hidden=\"true\"><\/span><\/div><\/div><div class=\"vcex-list-item-text vcex-content wpex-flex-grow\">Contact<\/div><\/div><\/a><\/div>[vc_btn title=\u00a0\u00bbT\u00e9l\u00e9charger la brochure\u00a0\u00bb style=\u00a0\u00bbcustom\u00a0\u00bb custom_background=\u00a0\u00bb#cc0000&Prime; custom_text=\u00a0\u00bb#ffffff\u00a0\u00bb align=\u00a0\u00bbleft\u00a0\u00bb link=\u00a0\u00bburl:https%3A%2F%2Fwww.docuteam.ch%2Fwp-content%2Fuploads%2F2024%2F07%2Fdocuteam_toolbox-de_v1-0.pdf|target:_blank\u00a0\u00bb css=\u00a0\u00bb.vc_custom_1726144954811{padding-top: 20px !important;}\u00a0\u00bb][\/vc_column][\/vc_row][vc_row css=\u00a0\u00bb.vc_custom_1726144685848{padding-top: 20px !important;}\u00a0\u00bb][vc_column]<div class=\"vcex-callout vcex-module wpex-boxed wpex-mb-30 wpex-p-30 wpex-rounded-md  wpb_animate_when_almost_visible wpb_fadeIn fadeIn\"><div class=\"vcex-callout-caption wpex-last-mb-0 wpex-text-md\"><h3>Framework et plugins<\/h3>\n<p>En tant que framework, docuteam toolbox regroupe plusieurs plugins effectuant chacun des processus sp\u00e9cifiques. Chacun de ces processus sont donc trait\u00e9 individuellement, ce qui fait que docuteam toolbox peut \u00eatre utilis\u00e9 pour accomplir plusieurs t\u00e2ches sp\u00e9cifiques et facilement s\u2019adapter aux besoins du client.<\/p>\n<\/div><\/div>[vc_column_text css=\u00a0\u00bb.vc_custom_1726145245467{padding-top: 10px !important;}\u00a0\u00bb]Les archivistes num\u00e9riques doivent \u00eatre en mesure de g\u00e9rer efficacement de grandes quantit\u00e9s de donn\u00e9es et faire preuve de flexibilit\u00e9 en s\u2019adaptant constamment \u00e0 des environnements num\u00e9riques sp\u00e9cifiques. docuteam feeder est un outil qui r\u00e9pond \u00e0 ces d\u00e9fis en offrant de grandes capacit\u00e9s d\u2019automatisation.<br \/>\ndocuteam box, quant \u00e0 lui, met \u00e0 disposition une interface compl\u00e8te capable de communiquer avec votre solution d\u2019archivage num\u00e9rique \u00e0 long terme .<br \/>\nSp\u00e9cialement con\u00e7u pour s\u2019adapter \u00e0 de nombreux sc\u00e9narios de travail, docuteam toolbox offre des processus automatis\u00e9s ou semi-automatis\u00e9s faisant de lui un outil pr\u00e9cieux pour l&rsquo;archiviste num\u00e9rique.[\/vc_column_text][\/vc_column][\/vc_row][vc_row css=\u00a0\u00bb.vc_custom_1721163742228{padding-top: 40px !important;padding-bottom: 40px !important;}\u00a0\u00bb][vc_column]<style>.vcex-heading.vcex_69f357ed4a3fc{color:var(--wpex-accent);font-weight:700;}<\/style><h2 class=\"vcex-heading vcex-heading-plain vcex-module wpex-heading wpex-text-2xl vc_custom_1726145229287 vcex_69f357ed4a3fc\"><span class=\"vcex-heading-inner wpex-inline-block\">Exemples de sc\u00e9narios d'utilisation<\/span><\/h2><style>.vcex-icon-box.vcex_69f357ed4b03a .vcex-icon-box-heading{font-weight:700;}.vcex-icon-box.vcex_69f357ed4b03a .vcex-icon-box-icon{color:var(--wpex-accent);}<\/style><div class=\"vcex-module vcex-icon-box vcex-icon-box-one wpex-flex wpex-text-left vcex_69f357ed4b03a\"><div class=\"vcex-icon-box-symbol vcex-icon-box-symbol--icon wpex-flex-shrink-0 wpex-mr-20\"><div class=\"vcex-icon-box-icon wpex-items-center wpex-justify-center wpex-child-inherit-color wpex-text-center wpex-leading-none wpex-flex wpex-text-1\"><span class=\"wpex-flex wpex-icon--w fas fa-caret-right\" aria-hidden=\"true\"><\/span><\/div><\/div><div class=\"vcex-icon-box-text wpex-flex-grow\"><h2 class=\"vcex-icon-box-heading wpex-heading wpex-text-md wpex-mb-10\">Manipulation et traitement des donn\u00e9es avant le versement en pr\u00e9-Entr\u00e9e <\/h2><div class=\"vcex-icon-box-content wpex-last-mb-0 wpex-clr\"><ul>\n<li>Transformation d&rsquo;un ensemble de fichiers dans un ordre donn\u00e9 et d\u00e9nomination de ces derniers selon une logique d\u00e9termin\u00e9e.<\/li>\n<li>Cr\u00e9ation de d\u00e9riv\u00e9s de fichiers<\/li>\n<li>Analyses de contenu de structures de dossiers<\/li>\n<li>Contr\u00f4les de qualit\u00e9<\/li>\n<\/ul>\n<\/div><\/div><\/div><style>.vcex-icon-box.vcex_69f357ed4b98c .vcex-icon-box-heading{font-weight:700;}.vcex-icon-box.vcex_69f357ed4b98c .vcex-icon-box-icon{color:var(--wpex-accent);}<\/style><div class=\"vcex-module vcex-icon-box vcex-icon-box-one wpex-flex wpex-text-left vc_custom_1726145463140 vcex_69f357ed4b98c\"><div class=\"vcex-icon-box-symbol vcex-icon-box-symbol--icon wpex-flex-shrink-0 wpex-mr-20\"><div class=\"vcex-icon-box-icon wpex-items-center wpex-justify-center wpex-child-inherit-color wpex-text-center wpex-leading-none wpex-flex wpex-text-1\"><span class=\"wpex-flex wpex-icon--w fas fa-caret-right\" aria-hidden=\"true\"><\/span><\/div><\/div><div class=\"vcex-icon-box-text wpex-flex-grow\"><h2 class=\"vcex-icon-box-heading wpex-heading wpex-text-md wpex-mb-10\">Production de SIP<\/h2><div class=\"vcex-icon-box-content wpex-last-mb-0 wpex-clr\"><ul>\n<li>Production de paquets d&rsquo;information \u00e0 verser (SIP)<\/li>\n<li>Extraction de m\u00e9tadonn\u00e9es de sources externes et enrichissement du SIP avec ces m\u00e9tadonn\u00e9es.<\/li>\n<li>Versements multiples \u00e0 docuteam feeder<\/li>\n<\/ul>\n<\/div><\/div><\/div><style>.vcex-icon-box.vcex_69f357ed4c21a .vcex-icon-box-heading{font-weight:700;}.vcex-icon-box.vcex_69f357ed4c21a .vcex-icon-box-icon{color:var(--wpex-accent);}<\/style><div class=\"vcex-module vcex-icon-box vcex-icon-box-one wpex-flex wpex-text-left vc_custom_1726145579941 vcex_69f357ed4c21a\"><div class=\"vcex-icon-box-symbol vcex-icon-box-symbol--icon wpex-flex-shrink-0 wpex-mr-20\"><div class=\"vcex-icon-box-icon wpex-items-center wpex-justify-center wpex-child-inherit-color wpex-text-center wpex-leading-none wpex-flex wpex-text-1\"><span class=\"wpex-flex wpex-icon--w fas fa-caret-right\" aria-hidden=\"true\"><\/span><\/div><\/div><div class=\"vcex-icon-box-text wpex-flex-grow\"><h2 class=\"vcex-icon-box-heading wpex-heading wpex-text-md wpex-mb-10\">R\u00e9ception et traitement des DIP<\/h2><div class=\"vcex-icon-box-content wpex-last-mb-0 wpex-clr\"><ul>\n<li>R\u00e9ception de DIP (Dissemination Information Packages)\u00e0 travers l&rsquo;interface de docuteam box.<\/li>\n<li>Traitement ult\u00e9rieur de ces donn\u00e9es sur la base d&rsquo;exigences sp\u00e9cifiques.<\/li>\n<\/ul>\n<\/div><\/div><\/div><style>.vcex-icon-box.vcex_69f357ed4caa6 .vcex-icon-box-heading{font-weight:700;}.vcex-icon-box.vcex_69f357ed4caa6 .vcex-icon-box-icon{color:var(--wpex-accent);}<\/style><div class=\"vcex-module vcex-icon-box vcex-icon-box-one wpex-flex wpex-text-left vc_custom_1726145644188 vcex_69f357ed4caa6\"><div class=\"vcex-icon-box-symbol vcex-icon-box-symbol--icon wpex-flex-shrink-0 wpex-mr-20\"><div class=\"vcex-icon-box-icon wpex-items-center wpex-justify-center wpex-child-inherit-color wpex-text-center wpex-leading-none wpex-flex wpex-text-1\"><span class=\"wpex-flex wpex-icon--w fas fa-caret-right\" aria-hidden=\"true\"><\/span><\/div><\/div><div class=\"vcex-icon-box-text wpex-flex-grow\"><h2 class=\"vcex-icon-box-heading wpex-heading wpex-text-md wpex-mb-10\">Reporting<\/h2><div class=\"vcex-icon-box-content wpex-last-mb-0 wpex-clr\"><ul>\n<li>Obtention d&rsquo;informations \u00e0 partir des archives num\u00e9riques \u00e0 long terme et traitement ult\u00e9rieur dans un rapport<\/li>\n<\/ul>\n<\/div><\/div><\/div>[\/vc_column][\/vc_row]\n<\/div>","protected":false},"excerpt":{"rendered":"<p>[vc_row css=\u00a0\u00bb.vc_custom_1673360824771{margin-top: 60px !important;}\u00a0\u00bb][vc_column width=\u00a0\u00bb2\/3&Prime;][vc_column_text text_align=\u00a0\u00bbleft\u00a0\u00bb font_size=\u00a0\u00bbd:20|tl:20|tp:20|pl:17|pp:17&Prime; line_height=\u00a0\u00bb2&Prime; css=\u00a0\u00bb.vc_custom_1726144908190{padding-bottom: 10px !important;}\u00a0\u00bb] Avec docuteam toolbox, vous ex\u00e9cutez rapidement et efficacement des processus sp\u00e9cialement adapt\u00e9s \u00e0 votre situation et \u00e0 vos t\u00e2ches sp\u00e9cifiques. Avec docuteam toolbox vous vous assurez de ma\u00eetriser la quantit\u00e9 et la complexit\u00e9 de vos donn\u00e9es. &nbsp;[\/vc_column_text][\/vc_column][vc_column width=\u00a0\u00bb1\/3&Prime;][vc_btn title=\u00a0\u00bbT\u00e9l\u00e9charger la brochure\u00a0\u00bb style=\u00a0\u00bbcustom\u00a0\u00bb custom_background=\u00a0\u00bb#cc0000&Prime; custom_text=\u00a0\u00bb#ffffff\u00a0\u00bb&hellip;<\/p>\n","protected":false},"author":10,"featured_media":0,"parent":0,"menu_order":0,"comment_status":"closed","ping_status":"closed","template":"","meta":{"footnotes":""},"class_list":["post-54571","page","type-page","status-publish","hentry","entry","no-media"],"yoast_head":"<!-- This site is optimized with the Yoast SEO plugin v27.5 - https:\/\/yoast.com\/product\/yoast-seo-wordpress\/ -->\n<title>toolbox - docuteam<\/title>\n<meta name=\"robots\" content=\"index, follow, max-snippet:-1, max-image-preview:large, max-video-preview:-1\" \/>\n<link rel=\"canonical\" href=\"https:\/\/www.docuteam.ch\/fr\/toolbox\/\" \/>\n<meta property=\"og:locale\" content=\"fr_FR\" \/>\n<meta property=\"og:type\" content=\"article\" \/>\n<meta property=\"og:title\" content=\"toolbox - docuteam\" \/>\n<meta property=\"og:description\" content=\"[vc_row css=\u00a0\u00bb.vc_custom_1673360824771{margin-top: 60px !important;}\u00a0\u00bb][vc_column width=\u00a0\u00bb2\/3&Prime;][vc_column_text text_align=\u00a0\u00bbleft\u00a0\u00bb font_size=\u00a0\u00bbd:20|tl:20|tp:20|pl:17|pp:17&Prime; line_height=\u00a0\u00bb2&Prime; css=\u00a0\u00bb.vc_custom_1726144908190{padding-bottom: 10px !important;}\u00a0\u00bb] Avec docuteam toolbox, vous ex\u00e9cutez rapidement et efficacement des processus sp\u00e9cialement adapt\u00e9s \u00e0 votre situation et \u00e0 vos t\u00e2ches sp\u00e9cifiques. Avec docuteam toolbox vous vous assurez de ma\u00eetriser la quantit\u00e9 et la complexit\u00e9 de vos donn\u00e9es. &nbsp;[\/vc_column_text][\/vc_column][vc_column width=\u00a0\u00bb1\/3&Prime;][vc_btn title=\u00a0\u00bbT\u00e9l\u00e9charger la brochure\u00a0\u00bb style=\u00a0\u00bbcustom\u00a0\u00bb custom_background=\u00a0\u00bb#cc0000&Prime; custom_text=\u00a0\u00bb#ffffff\u00a0\u00bb&hellip;\" \/>\n<meta property=\"og:url\" content=\"https:\/\/www.docuteam.ch\/fr\/toolbox\/\" \/>\n<meta property=\"og:site_name\" content=\"docuteam\" \/>\n<meta property=\"article:modified_time\" content=\"2024-09-12T12:54:15+00:00\" \/>\n<meta property=\"og:image\" content=\"https:\/\/www.docuteam.ch\/wp-content\/uploads\/2021\/04\/docuteam_ueberuns_UltraHD-scaled.jpg\" \/>\n\t<meta property=\"og:image:width\" content=\"2560\" \/>\n\t<meta property=\"og:image:height\" content=\"1440\" \/>\n\t<meta property=\"og:image:type\" content=\"image\/jpeg\" \/>\n<meta name=\"twitter:card\" content=\"summary_large_image\" \/>\n<meta name=\"twitter:site\" content=\"@DocuteamCH\" \/>\n<script type=\"application\/ld+json\" class=\"yoast-schema-graph\">{\"@context\":\"https:\\\/\\\/schema.org\",\"@graph\":[{\"@type\":\"WebPage\",\"@id\":\"https:\\\/\\\/www.docuteam.ch\\\/fr\\\/toolbox\\\/\",\"url\":\"https:\\\/\\\/www.docuteam.ch\\\/fr\\\/toolbox\\\/\",\"name\":\"toolbox - docuteam\",\"isPartOf\":{\"@id\":\"https:\\\/\\\/www.docuteam.ch\\\/fr\\\/#website\"},\"datePublished\":\"2024-09-12T12:40:17+00:00\",\"dateModified\":\"2024-09-12T12:54:15+00:00\",\"breadcrumb\":{\"@id\":\"https:\\\/\\\/www.docuteam.ch\\\/fr\\\/toolbox\\\/#breadcrumb\"},\"inLanguage\":\"fr-FR\",\"potentialAction\":[{\"@type\":\"ReadAction\",\"target\":[\"https:\\\/\\\/www.docuteam.ch\\\/fr\\\/toolbox\\\/\"]}]},{\"@type\":\"BreadcrumbList\",\"@id\":\"https:\\\/\\\/www.docuteam.ch\\\/fr\\\/toolbox\\\/#breadcrumb\",\"itemListElement\":[{\"@type\":\"ListItem\",\"position\":1,\"name\":\"Accueil\",\"item\":\"https:\\\/\\\/www.docuteam.ch\\\/fr\\\/\"},{\"@type\":\"ListItem\",\"position\":2,\"name\":\"toolbox\"}]},{\"@type\":\"WebSite\",\"@id\":\"https:\\\/\\\/www.docuteam.ch\\\/fr\\\/#website\",\"url\":\"https:\\\/\\\/www.docuteam.ch\\\/fr\\\/\",\"name\":\"docuteam\",\"description\":\"Informationen sind Ihr langfristiges Kapital\",\"publisher\":{\"@id\":\"https:\\\/\\\/www.docuteam.ch\\\/fr\\\/#organization\"},\"potentialAction\":[{\"@type\":\"SearchAction\",\"target\":{\"@type\":\"EntryPoint\",\"urlTemplate\":\"https:\\\/\\\/www.docuteam.ch\\\/fr\\\/?s={search_term_string}\"},\"query-input\":{\"@type\":\"PropertyValueSpecification\",\"valueRequired\":true,\"valueName\":\"search_term_string\"}}],\"inLanguage\":\"fr-FR\"},{\"@type\":\"Organization\",\"@id\":\"https:\\\/\\\/www.docuteam.ch\\\/fr\\\/#organization\",\"name\":\"docuteam\",\"url\":\"https:\\\/\\\/www.docuteam.ch\\\/fr\\\/\",\"logo\":{\"@type\":\"ImageObject\",\"inLanguage\":\"fr-FR\",\"@id\":\"https:\\\/\\\/www.docuteam.ch\\\/fr\\\/#\\\/schema\\\/logo\\\/image\\\/\",\"url\":\"https:\\\/\\\/www.docuteam.ch\\\/wp-content\\\/uploads\\\/2021\\\/03\\\/docuteam_big.png\",\"contentUrl\":\"https:\\\/\\\/www.docuteam.ch\\\/wp-content\\\/uploads\\\/2021\\\/03\\\/docuteam_big.png\",\"width\":200,\"height\":45,\"caption\":\"docuteam\"},\"image\":{\"@id\":\"https:\\\/\\\/www.docuteam.ch\\\/fr\\\/#\\\/schema\\\/logo\\\/image\\\/\"},\"sameAs\":[\"https:\\\/\\\/x.com\\\/DocuteamCH\",\"https:\\\/\\\/www.linkedin.com\\\/company\\\/docuteam-ag\\\/mycompany\\\/\"]}]}<\/script>\n<!-- \/ Yoast SEO plugin. -->","yoast_head_json":{"title":"toolbox - docuteam","robots":{"index":"index","follow":"follow","max-snippet":"max-snippet:-1","max-image-preview":"max-image-preview:large","max-video-preview":"max-video-preview:-1"},"canonical":"https:\/\/www.docuteam.ch\/fr\/toolbox\/","og_locale":"fr_FR","og_type":"article","og_title":"toolbox - docuteam","og_description":"[vc_row css=\u00a0\u00bb.vc_custom_1673360824771{margin-top: 60px !important;}\u00a0\u00bb][vc_column width=\u00a0\u00bb2\/3&Prime;][vc_column_text text_align=\u00a0\u00bbleft\u00a0\u00bb font_size=\u00a0\u00bbd:20|tl:20|tp:20|pl:17|pp:17&Prime; line_height=\u00a0\u00bb2&Prime; css=\u00a0\u00bb.vc_custom_1726144908190{padding-bottom: 10px !important;}\u00a0\u00bb] Avec docuteam toolbox, vous ex\u00e9cutez rapidement et efficacement des processus sp\u00e9cialement adapt\u00e9s \u00e0 votre situation et \u00e0 vos t\u00e2ches sp\u00e9cifiques. Avec docuteam toolbox vous vous assurez de ma\u00eetriser la quantit\u00e9 et la complexit\u00e9 de vos donn\u00e9es. &nbsp;[\/vc_column_text][\/vc_column][vc_column width=\u00a0\u00bb1\/3&Prime;][vc_btn title=\u00a0\u00bbT\u00e9l\u00e9charger la brochure\u00a0\u00bb style=\u00a0\u00bbcustom\u00a0\u00bb custom_background=\u00a0\u00bb#cc0000&Prime; custom_text=\u00a0\u00bb#ffffff\u00a0\u00bb&hellip;","og_url":"https:\/\/www.docuteam.ch\/fr\/toolbox\/","og_site_name":"docuteam","article_modified_time":"2024-09-12T12:54:15+00:00","og_image":[{"width":2560,"height":1440,"url":"https:\/\/www.docuteam.ch\/wp-content\/uploads\/2021\/04\/docuteam_ueberuns_UltraHD-scaled.jpg","type":"image\/jpeg"}],"twitter_card":"summary_large_image","twitter_site":"@DocuteamCH","schema":{"@context":"https:\/\/schema.org","@graph":[{"@type":"WebPage","@id":"https:\/\/www.docuteam.ch\/fr\/toolbox\/","url":"https:\/\/www.docuteam.ch\/fr\/toolbox\/","name":"toolbox - docuteam","isPartOf":{"@id":"https:\/\/www.docuteam.ch\/fr\/#website"},"datePublished":"2024-09-12T12:40:17+00:00","dateModified":"2024-09-12T12:54:15+00:00","breadcrumb":{"@id":"https:\/\/www.docuteam.ch\/fr\/toolbox\/#breadcrumb"},"inLanguage":"fr-FR","potentialAction":[{"@type":"ReadAction","target":["https:\/\/www.docuteam.ch\/fr\/toolbox\/"]}]},{"@type":"BreadcrumbList","@id":"https:\/\/www.docuteam.ch\/fr\/toolbox\/#breadcrumb","itemListElement":[{"@type":"ListItem","position":1,"name":"Accueil","item":"https:\/\/www.docuteam.ch\/fr\/"},{"@type":"ListItem","position":2,"name":"toolbox"}]},{"@type":"WebSite","@id":"https:\/\/www.docuteam.ch\/fr\/#website","url":"https:\/\/www.docuteam.ch\/fr\/","name":"docuteam","description":"Informationen sind Ihr langfristiges Kapital","publisher":{"@id":"https:\/\/www.docuteam.ch\/fr\/#organization"},"potentialAction":[{"@type":"SearchAction","target":{"@type":"EntryPoint","urlTemplate":"https:\/\/www.docuteam.ch\/fr\/?s={search_term_string}"},"query-input":{"@type":"PropertyValueSpecification","valueRequired":true,"valueName":"search_term_string"}}],"inLanguage":"fr-FR"},{"@type":"Organization","@id":"https:\/\/www.docuteam.ch\/fr\/#organization","name":"docuteam","url":"https:\/\/www.docuteam.ch\/fr\/","logo":{"@type":"ImageObject","inLanguage":"fr-FR","@id":"https:\/\/www.docuteam.ch\/fr\/#\/schema\/logo\/image\/","url":"https:\/\/www.docuteam.ch\/wp-content\/uploads\/2021\/03\/docuteam_big.png","contentUrl":"https:\/\/www.docuteam.ch\/wp-content\/uploads\/2021\/03\/docuteam_big.png","width":200,"height":45,"caption":"docuteam"},"image":{"@id":"https:\/\/www.docuteam.ch\/fr\/#\/schema\/logo\/image\/"},"sameAs":["https:\/\/x.com\/DocuteamCH","https:\/\/www.linkedin.com\/company\/docuteam-ag\/mycompany\/"]}]}},"_links":{"self":[{"href":"https:\/\/www.docuteam.ch\/fr\/wp-json\/wp\/v2\/pages\/54571","targetHints":{"allow":["GET"]}}],"collection":[{"href":"https:\/\/www.docuteam.ch\/fr\/wp-json\/wp\/v2\/pages"}],"about":[{"href":"https:\/\/www.docuteam.ch\/fr\/wp-json\/wp\/v2\/types\/page"}],"author":[{"embeddable":true,"href":"https:\/\/www.docuteam.ch\/fr\/wp-json\/wp\/v2\/users\/10"}],"replies":[{"embeddable":true,"href":"https:\/\/www.docuteam.ch\/fr\/wp-json\/wp\/v2\/comments?post=54571"}],"version-history":[{"count":11,"href":"https:\/\/www.docuteam.ch\/fr\/wp-json\/wp\/v2\/pages\/54571\/revisions"}],"predecessor-version":[{"id":54879,"href":"https:\/\/www.docuteam.ch\/fr\/wp-json\/wp\/v2\/pages\/54571\/revisions\/54879"}],"wp:attachment":[{"href":"https:\/\/www.docuteam.ch\/fr\/wp-json\/wp\/v2\/media?parent=54571"}],"curies":[{"name":"wp","href":"https:\/\/api.w.org\/{rel}","templated":true}]}}