{"id":56702,"date":"2026-02-04T11:45:53","date_gmt":"2026-02-04T09:45:53","guid":{"rendered":"https:\/\/www.docuteam.ch\/?page_id=56702"},"modified":"2026-02-18T08:10:24","modified_gmt":"2026-02-18T06:10:24","slug":"data-intelligence","status":"publish","type":"page","link":"https:\/\/www.docuteam.ch\/fr\/data-intelligence\/","title":{"rendered":"Data Intelligence"},"content":{"rendered":"<div class=\"wpb-content-wrapper\">[vc_row content_placement=\u00a0\u00bbtop\u00a0\u00bb css=\u00a0\u00bb.vc_custom_2612700000001{margin-top: 60px !important;}\u00a0\u00bb][vc_column]<style>.vcex-heading.vcex_69d79784c03f4{color:#cc0000;font-size:30px;font-weight:600;}.vcex-heading.vcex_69d79784c03f4:hover{color:#cc0000;}@media (max-width:1024px){.vcex-heading.vcex_69d79784c03f4{font-size:24px;}}@media (max-width:959px){.vcex-heading.vcex_69d79784c03f4{font-size:24px;}}@media (max-width:767px){.vcex-heading.vcex_69d79784c03f4{font-size:20px;}}@media (max-width:479px){.vcex-heading.vcex_69d79784c03f4{font-size:20px;}}<\/style><h3 class=\"vcex-heading vcex-heading-plain vcex-module wpex-heading wpex-text-2xl wpex-text-left vcex_69d79784c03f4\"><span class=\"vcex-heading-inner wpex-inline-block\">Data Intelligence<\/span><\/h3>[vc_empty_space height=\u00a0\u00bb10px\u00a0\u00bb][vc_column_text css=\u00a0\u00bb.vc_custom_1770196081795{margin-top: 10px !important;}\u00a0\u00bb font_size=\u00a0\u00bbd:20|tl:20|tp:20|pl:17|pp:17&Prime; text_align=\u00a0\u00bbleft\u00a0\u00bb line_height=\u00a0\u00bb1.9&Prime; color=\u00a0\u00bb#000000&Prime; font_weight=\u00a0\u00bb600&Prime;]Gr\u00e2ce \u00e0 la Data Intelligence (intelligence des donn\u00e9es), nous transformons syst\u00e9matiquement les donn\u00e9es en informations exploitables qui servent de base \u00e0 la prise de d\u00e9cisions, \u00e0 l&rsquo;acquisition de connaissances et \u00e0 une utilisation durable.[\/vc_column_text][vc_empty_space height=\u00a0\u00bb10px\u00a0\u00bb]<a href=\"https:\/\/outlook.office.com\/book\/docuteam2@docuteam.ch\/s\/CKLH-MHapUSNRWjZLxHonA2\" class=\"vcex-button theme-button inline\"><span class=\"vcex-button-inner theme-button-inner wpex-flex wpex-flex-wrap wpex-items-center wpex-justify-center\">Prendre rendez-vous<\/span><\/a> [\/vc_column][\/vc_row][vc_row full_width=\u00a0\u00bbstretch_row\u00a0\u00bb content_placement=\u00a0\u00bbmiddle\u00a0\u00bb css=\u00a0\u00bb.vc_custom_2612700000003{margin-top: 20px !important;padding-top: 32px !important;padding-bottom: 32px !important;background-color: #f4f4f4 !important;}\u00a0\u00bb][vc_column]<style>.vcex-heading.vcex_69d79784c1aba{color:#cc0000;font-size:30px;font-weight:600;}.vcex-heading.vcex_69d79784c1aba:hover{color:#cc0000;}@media (max-width:1024px){.vcex-heading.vcex_69d79784c1aba{font-size:24px;}}@media (max-width:959px){.vcex-heading.vcex_69d79784c1aba{font-size:24px;}}@media (max-width:767px){.vcex-heading.vcex_69d79784c1aba{font-size:20px;}}@media (max-width:479px){.vcex-heading.vcex_69d79784c1aba{font-size:20px;}}<\/style><h3 class=\"vcex-heading vcex-heading-plain vcex-module wpex-heading wpex-text-2xl wpex-text-left vcex_69d79784c1aba\"><span class=\"vcex-heading-inner wpex-inline-block\">Nous donnons du sens aux donn\u00e9es<\/span><\/h3>[vc_column_text css=\u00a0\u00bb.vc_custom_1770196098483{margin-top: 8px !important;}\u00a0\u00bb font_size=\u00a0\u00bbd:20|tl:20|tp:20|pl:17|pp:17&Prime; text_align=\u00a0\u00bbleft\u00a0\u00bb line_height=\u00a0\u00bb1.9&Prime; color=\u00a0\u00bb#303030&Prime; font_weight=\u00a0\u00bb600&Prime;]Pour nous, la Data Intelligence ne signifie pas la production de connaissances par l&rsquo;IA, mais la conversion contr\u00f4l\u00e9e de donn\u00e9es en informations. Nous cr\u00e9ons des structures et des liens afin que les organisations puissent comprendre, \u00e9valuer et r\u00e9utiliser les informations.[\/vc_column_text][\/vc_column][\/vc_row][vc_row][vc_column][vc_column_text][\/vc_column_text][\/vc_column][\/vc_row][vc_row][vc_column][vc_column_text][\/vc_column_text][\/vc_column][\/vc_row][vc_row][vc_column][vc_column_text][\/vc_column_text][\/vc_column][\/vc_row][vc_row full_width=\u00a0\u00bbstretch_row\u00a0\u00bb content_placement=\u00a0\u00bbmiddle\u00a0\u00bb css=\u00a0\u00bb.vc_custom_2612700000005{padding-top: 40px !important;padding-bottom: 10px !important;background-color: #ffffff !important;}\u00a0\u00bb][vc_column]<style>.vcex-heading.vcex_69d79784c2125{color:#cc0000;font-size:30px;font-weight:600;}.vcex-heading.vcex_69d79784c2125:hover{color:#cc0000;}@media (max-width:1024px){.vcex-heading.vcex_69d79784c2125{font-size:24px;}}@media (max-width:959px){.vcex-heading.vcex_69d79784c2125{font-size:24px;}}@media (max-width:767px){.vcex-heading.vcex_69d79784c2125{font-size:20px;}}@media (max-width:479px){.vcex-heading.vcex_69d79784c2125{font-size:20px;}}<\/style><h2 class=\"vcex-heading vcex-heading-plain vcex-module wpex-heading wpex-text-2xl wpex-text-left vcex_69d79784c2125\"><span class=\"vcex-heading-inner wpex-inline-block\">Notre expertise : structurer les donn\u00e9es<\/span><\/h2>[vc_column_text css=\u00a0\u00bb.vc_custom_2612700000006{margin-top: 10px !important;}\u00a0\u00bb font_size=\u00a0\u00bbd:20|tl:20|tp:20|pl:17|pp:17&Prime; text_align=\u00a0\u00bbleft\u00a0\u00bb line_height=\u00a0\u00bb1.9&Prime; color=\u00a0\u00bb#303030&Prime; font_weight=\u00a0\u00bb600&Prime;]Chaque organisation dispose d&rsquo;une grande quantit\u00e9 de donn\u00e9es, qu&rsquo;elles soient contenues dans des documents, des applications sp\u00e9cialis\u00e9s, des plateformes collaboratives ou des archives num\u00e9riques. Ces donn\u00e9es sont souvent non structur\u00e9es, isol\u00e9es et d\u00e9pourvues de contexte suffisant.[\/vc_column_text][vc_empty_space height=\u00a0\u00bb8px\u00a0\u00bb][vc_column_text css=\u00a0\u00bb.vc_custom_1770196126528{margin-top: 0px !important;}\u00a0\u00bb font_size=\u00a0\u00bbd:20|tl:20|tp:20|pl:17|pp:17&Prime; text_align=\u00a0\u00bbleft\u00a0\u00bb line_height=\u00a0\u00bb1.9&Prime; color=\u00a0\u00bb#303030&Prime; font_weight=\u00a0\u00bb600&Prime;]C&rsquo;est l\u00e0 qu&rsquo;intervient la Data Intelligence. Nous rendons les donn\u00e9es accessibles, interpr\u00e9tables et utilisables en les traitant, en les structurant et en les contextualisant. Concr\u00e8tement, nous proposons :[\/vc_column_text][vc_empty_space height=\u00a0\u00bb34px\u00a0\u00bb][vc_row_inner content_placement=\u00a0\u00bbtop\u00a0\u00bb css=\u00a0\u00bb.vc_custom_2612700000008{padding-top: 0px !important;}\u00a0\u00bb el_class=\u00a0\u00bbdi-tiles\u00a0\u00bb][vc_column_inner width=\u00a0\u00bb1\/2&Prime; css=\u00a0\u00bb.vc_custom_2612700000009{padding-right: 12px !important;padding-bottom: 18px !important;}\u00a0\u00bb]<style>.vcex-heading.vcex_69d79784c2753{color:#303030;font-size:20px;font-weight:700;}.vcex-heading.vcex_69d79784c2753:hover{color:#303030;}@media (max-width:1024px){.vcex-heading.vcex_69d79784c2753{font-size:20px;}}@media (max-width:959px){.vcex-heading.vcex_69d79784c2753{font-size:20px;}}@media (max-width:767px){.vcex-heading.vcex_69d79784c2753{font-size:18px;}}@media (max-width:479px){.vcex-heading.vcex_69d79784c2753{font-size:18px;}}<\/style><h4 class=\"vcex-heading vcex-heading-plain vcex-module wpex-heading wpex-text-2xl wpex-text-left vcex_69d79784c2753\"><span class=\"vcex-heading-inner wpex-inline-block\">Traitement et acquisition de donn\u00e9es<\/span><\/h4>[vc_column_text css=\u00a0\u00bb.vc_custom_2612701000001{padding:22px !important;background-color:#f4f4f4 !important;border-radius:10px !important;margin-top: 6px !important;min-height: 240px !important;}\u00a0\u00bb el_class=\u00a0\u00bbdi-tile\u00a0\u00bb font_size=\u00a0\u00bbd:18|tl:18|tp:18|pl:16|pp:16&Prime; text_align=\u00a0\u00bbleft\u00a0\u00bb line_height=\u00a0\u00bb1.85&Prime; color=\u00a0\u00bb#303030&Prime; font_weight=\u00a0\u00bb600&Prime;]Transfert de donn\u00e9es et de documents depuis M365, SharePoint, des applications m\u00e9tier, des syst\u00e8mes de fichiers, des bases de donn\u00e9es et des syst\u00e8mes bas\u00e9s sur le web. Cela inclut \u00e9galement des proc\u00e9d\u00e9s tels que l&rsquo;OCR, l&rsquo;HTR ou la reconnaissance vocale afin de rendre les contenus accessibles.[\/vc_column_text][\/vc_column_inner][vc_column_inner width=\u00a0\u00bb1\/2&Prime; css=\u00a0\u00bb.vc_custom_2612700000011{padding-left: 12px !important;padding-bottom: 18px !important;}\u00a0\u00bb]<style>.vcex-heading.vcex_69d79784c2da4{color:#303030;font-size:20px;font-weight:700;}.vcex-heading.vcex_69d79784c2da4:hover{color:#303030;}@media (max-width:1024px){.vcex-heading.vcex_69d79784c2da4{font-size:20px;}}@media (max-width:959px){.vcex-heading.vcex_69d79784c2da4{font-size:20px;}}@media (max-width:767px){.vcex-heading.vcex_69d79784c2da4{font-size:18px;}}@media (max-width:479px){.vcex-heading.vcex_69d79784c2da4{font-size:18px;}}<\/style><h4 class=\"vcex-heading vcex-heading-plain vcex-module wpex-heading wpex-text-2xl wpex-text-left vcex_69d79784c2da4\"><span class=\"vcex-heading-inner wpex-inline-block\">Structuration (datafication)<\/span><\/h4>[vc_column_text css=\u00a0\u00bb.vc_custom_2612701000003{padding:22px !important;background-color:#f4f4f4 !important;border-radius:10px !important;margin-top: 6px !important;min-height: 240px !important;}\u00a0\u00bb el_class=\u00a0\u00bbdi-tile\u00a0\u00bb font_size=\u00a0\u00bbd:18|tl:18|tp:18|pl:16|pp:16&Prime; text_align=\u00a0\u00bbleft\u00a0\u00bb line_height=\u00a0\u00bb1.85&Prime; color=\u00a0\u00bb#303030&Prime; font_weight=\u00a0\u00bb600&Prime;]Conversion de donn\u00e9es h\u00e9t\u00e9rog\u00e8nes en objets d&rsquo;information structur\u00e9s.[\/vc_column_text][\/vc_column_inner][vc_column_inner width=\u00a0\u00bb1\/2&Prime; css=\u00a0\u00bb.vc_custom_2612700000013{padding-right: 12px !important;padding-bottom: 18px !important;}\u00a0\u00bb]<style>.vcex-heading.vcex_69d79784c3403{color:#303030;font-size:20px;font-weight:700;}.vcex-heading.vcex_69d79784c3403:hover{color:#303030;}@media (max-width:1024px){.vcex-heading.vcex_69d79784c3403{font-size:20px;}}@media (max-width:959px){.vcex-heading.vcex_69d79784c3403{font-size:20px;}}@media (max-width:767px){.vcex-heading.vcex_69d79784c3403{font-size:18px;}}@media (max-width:479px){.vcex-heading.vcex_69d79784c3403{font-size:18px;}}<\/style><h4 class=\"vcex-heading vcex-heading-plain vcex-module wpex-heading wpex-text-2xl wpex-text-left vcex_69d79784c3403\"><span class=\"vcex-heading-inner wpex-inline-block\">Contextualisation<\/span><\/h4>[vc_column_text css=\u00a0\u00bb.vc_custom_1770191140059{margin-top: 6px !important;}\u00a0\u00bb el_class=\u00a0\u00bbdi-tile\u00a0\u00bb font_size=\u00a0\u00bbd:18|tl:18|tp:18|pl:16|pp:16&Prime; text_align=\u00a0\u00bbleft\u00a0\u00bb line_height=\u00a0\u00bb1.85&Prime; color=\u00a0\u00bb#303030&Prime; font_weight=\u00a0\u00bb600&Prime;]Enrichissement des donn\u00e9es par la reconnaissance de personnes, d&rsquo;organisations, de donn\u00e9es g\u00e9ographiques, de p\u00e9riodes, de sujets et de relations (par exemple Named Entity Recognition NER, Named Entity Linking NEL).[\/vc_column_text][\/vc_column_inner][vc_column_inner width=\u00a0\u00bb1\/2&Prime; css=\u00a0\u00bb.vc_custom_2612700000015{padding-left: 12px !important;padding-bottom: 18px !important;}\u00a0\u00bb]<style>.vcex-heading.vcex_69d79784c3a2b{color:#303030;font-size:20px;font-weight:700;}.vcex-heading.vcex_69d79784c3a2b:hover{color:#303030;}@media (max-width:1024px){.vcex-heading.vcex_69d79784c3a2b{font-size:20px;}}@media (max-width:959px){.vcex-heading.vcex_69d79784c3a2b{font-size:20px;}}@media (max-width:767px){.vcex-heading.vcex_69d79784c3a2b{font-size:18px;}}@media (max-width:479px){.vcex-heading.vcex_69d79784c3a2b{font-size:18px;}}<\/style><h4 class=\"vcex-heading vcex-heading-plain vcex-module wpex-heading wpex-text-2xl wpex-text-left vcex_69d79784c3a2b\"><span class=\"vcex-heading-inner wpex-inline-block\">Description archivistique et catalogage<\/span><\/h4>[vc_column_text css=\u00a0\u00bb.vc_custom_2612701000007{padding:22px !important;background-color:#f4f4f4 !important;border-radius:10px !important;margin-top: 6px !important;min-height: 240px !important;}\u00a0\u00bb el_class=\u00a0\u00bbdi-tile\u00a0\u00bb font_size=\u00a0\u00bbd:18|tl:18|tp:18|pl:16|pp:16&Prime; text_align=\u00a0\u00bbleft\u00a0\u00bb line_height=\u00a0\u00bb1.85&Prime; color=\u00a0\u00bb#303030&Prime; font_weight=\u00a0\u00bb600&Prime;]Soutien de l&rsquo;indexation gr\u00e2ce \u00e0 la g\u00e9n\u00e9ration automatis\u00e9e de titres, de descriptions concises, de clusters th\u00e9matiques et de m\u00e9tadonn\u00e9es \u2013 \u00e9volutive et contr\u00f4l\u00e9e par des experts.[\/vc_column_text][\/vc_column_inner][vc_column_inner width=\u00a0\u00bb1\/2&Prime; css=\u00a0\u00bb.vc_custom_2612700000017{padding-right: 12px !important;padding-bottom: 0px !important;}\u00a0\u00bb]<style>.vcex-heading.vcex_69d79784c407a{color:#303030;font-size:20px;font-weight:700;}.vcex-heading.vcex_69d79784c407a:hover{color:#303030;}@media (max-width:1024px){.vcex-heading.vcex_69d79784c407a{font-size:20px;}}@media (max-width:959px){.vcex-heading.vcex_69d79784c407a{font-size:20px;}}@media (max-width:767px){.vcex-heading.vcex_69d79784c407a{font-size:18px;}}@media (max-width:479px){.vcex-heading.vcex_69d79784c407a{font-size:18px;}}<\/style><h4 class=\"vcex-heading vcex-heading-plain vcex-module wpex-heading wpex-text-2xl wpex-text-left vcex_69d79784c407a\"><span class=\"vcex-heading-inner wpex-inline-block\">Pr\u00e9paration pour l\u2019exploitation et l'archivage<\/span><\/h4>[vc_column_text css=\u00a0\u00bb.vc_custom_2612701000009{padding:22px !important;background-color:#f4f4f4 !important;border-radius:10px !important;margin-top: 6px !important;min-height: 240px !important;}\u00a0\u00bb el_class=\u00a0\u00bbdi-tile\u00a0\u00bb font_size=\u00a0\u00bbd:18|tl:18|tp:18|pl:16|pp:16&Prime; text_align=\u00a0\u00bbleft\u00a0\u00bb line_height=\u00a0\u00bb1.85&Prime; color=\u00a0\u00bb#303030&Prime; font_weight=\u00a0\u00bb600&Prime;]Transfert des informations structur\u00e9es et enrichies vers des syst\u00e8mes d&rsquo;archivage, des plateformes de connaissances ou d&rsquo;autres environnements cibles.[\/vc_column_text][\/vc_column_inner][vc_column_inner width=\u00a0\u00bb1\/2&Prime; css=\u00a0\u00bb.vc_custom_2612700000019{padding-left: 12px !important;padding-bottom: 0px !important;}\u00a0\u00bb]<style>.vcex-heading.vcex_69d79784c46a0{color:#303030;font-size:20px;font-weight:700;}.vcex-heading.vcex_69d79784c46a0:hover{color:#303030;}@media (max-width:1024px){.vcex-heading.vcex_69d79784c46a0{font-size:20px;}}@media (max-width:959px){.vcex-heading.vcex_69d79784c46a0{font-size:20px;}}@media (max-width:767px){.vcex-heading.vcex_69d79784c46a0{font-size:18px;}}@media (max-width:479px){.vcex-heading.vcex_69d79784c46a0{font-size:18px;}}<\/style><h4 class=\"vcex-heading vcex-heading-plain vcex-module wpex-heading wpex-text-2xl wpex-text-left vcex_69d79784c46a0\"><span class=\"vcex-heading-inner wpex-inline-block\">Assurance qualit\u00e9 et documentation<\/span><\/h4>[vc_column_text css=\u00a0\u00bb.vc_custom_2612701000011{padding:22px !important;background-color:#f4f4f4 !important;border-radius:10px !important;margin-top: 6px !important;min-height: 240px !important;}\u00a0\u00bb el_class=\u00a0\u00bbdi-tile\u00a0\u00bb font_size=\u00a0\u00bbd:18|tl:18|tp:18|pl:16|pp:16&Prime; text_align=\u00a0\u00bbleft\u00a0\u00bb line_height=\u00a0\u00bb1.85&Prime; color=\u00a0\u00bb#303030&Prime; font_weight=\u00a0\u00bb600&Prime;]V\u00e9rification de la plausibilit\u00e9 des r\u00e9sultats, documentation des proc\u00e9dures utilis\u00e9es et garantie de la tra\u00e7abilit\u00e9 de toutes les \u00e9tapes de transformation.[\/vc_column_text][\/vc_column_inner][\/vc_row_inner][vc_empty_space height=\u00a0\u00bb38px\u00a0\u00bb]<style>.vcex-heading.vcex_69d79784c4cfa{color:#cc0000;font-size:30px;font-weight:600;}.vcex-heading.vcex_69d79784c4cfa:hover{color:#cc0000;}@media (max-width:1024px){.vcex-heading.vcex_69d79784c4cfa{font-size:24px;}}@media (max-width:959px){.vcex-heading.vcex_69d79784c4cfa{font-size:24px;}}@media (max-width:767px){.vcex-heading.vcex_69d79784c4cfa{font-size:20px;}}@media (max-width:479px){.vcex-heading.vcex_69d79784c4cfa{font-size:20px;}}<\/style><h2 class=\"vcex-heading vcex-heading-plain vcex-module wpex-heading wpex-text-2xl wpex-text-left vcex_69d79784c4cfa\"><span class=\"vcex-heading-inner wpex-inline-block\">Une approche adapt\u00e9e \u00e0 diff\u00e9rentes organisations<\/span><\/h2>[vc_column_text css=\u00a0\u00bb.vc_custom_1770196259366{margin-top: 10px !important;}\u00a0\u00bb font_size=\u00a0\u00bbd:20|tl:20|tp:20|pl:17|pp:17&Prime; text_align=\u00a0\u00bbleft\u00a0\u00bb line_height=\u00a0\u00bb1.9&Prime; color=\u00a0\u00bb#303030&Prime; font_weight=\u00a0\u00bb600&Prime;]La Data Intelligence s&rsquo;adresse \u00e0 toutes les organisations qui souhaitent conserver, structurer et exploiter des informations, quel que soit leur secteur d&rsquo;activit\u00e9 ou le type de donn\u00e9es.[\/vc_column_text][vc_empty_space height=\u00a0\u00bb8px\u00a0\u00bb][vc_column_text css=\u00a0\u00bb.vc_custom_2612700000022{margin-top: 0px !important;}\u00a0\u00bb font_size=\u00a0\u00bbd:20|tl:20|tp:20|pl:17|pp:17&Prime; text_align=\u00a0\u00bbleft\u00a0\u00bb line_height=\u00a0\u00bb1.9&Prime; color=\u00a0\u00bb#303030&Prime; font_weight=\u00a0\u00bb600&Prime;]Notre approche est modulaire, compr\u00e9hensible et compatible avec les syst\u00e8mes existants de gestion et de gouvernance de l&rsquo;information.[\/vc_column_text][vc_empty_space height=\u00a0\u00bb10px\u00a0\u00bb][\/vc_column][\/vc_row]\n<\/div>","protected":false},"excerpt":{"rendered":"<p>[vc_row content_placement=\u00a0\u00bbtop\u00a0\u00bb css=\u00a0\u00bb.vc_custom_2612700000001{margin-top: 60px !important;}\u00a0\u00bb][vc_column][vc_empty_space height=\u00a0\u00bb10px\u00a0\u00bb][vc_column_text css=\u00a0\u00bb.vc_custom_1770196081795{margin-top: 10px !important;}\u00a0\u00bb font_size=\u00a0\u00bbd:20|tl:20|tp:20|pl:17|pp:17&Prime; text_align=\u00a0\u00bbleft\u00a0\u00bb line_height=\u00a0\u00bb1.9&Prime; color=\u00a0\u00bb#000000&Prime; font_weight=\u00a0\u00bb600&Prime;]Gr\u00e2ce \u00e0 la Data Intelligence (intelligence des donn\u00e9es), nous transformons syst\u00e9matiquement les donn\u00e9es en informations exploitables qui servent de base \u00e0 la prise de d\u00e9cisions, \u00e0 l&rsquo;acquisition de connaissances et \u00e0 une utilisation durable.[\/vc_column_text][vc_empty_space height=\u00a0\u00bb10px\u00a0\u00bb][\/vc_column][\/vc_row][vc_row full_width=\u00a0\u00bbstretch_row\u00a0\u00bb content_placement=\u00a0\u00bbmiddle\u00a0\u00bb css=\u00a0\u00bb.vc_custom_2612700000003{margin-top: 20px !important;padding-top: 32px !important;padding-bottom:&hellip;<\/p>\n","protected":false},"author":17,"featured_media":0,"parent":0,"menu_order":0,"comment_status":"closed","ping_status":"closed","template":"","meta":{"footnotes":""},"class_list":["post-56702","page","type-page","status-publish","hentry","entry","no-media"],"yoast_head":"<!-- This site is optimized with the Yoast SEO plugin v27.3 - https:\/\/yoast.com\/product\/yoast-seo-wordpress\/ -->\n<title>docuteam -- Data Intelligence<\/title>\n<meta name=\"description\" content=\"La Data Intelligence transforme les donn\u00e9es brutes en informations contextualis\u00e9es et exploitables, base de d\u00e9cisions \u00e9clair\u00e9es et d\u2019une utilisation durable.\" \/>\n<meta name=\"robots\" content=\"index, follow, max-snippet:-1, max-image-preview:large, max-video-preview:-1\" \/>\n<link rel=\"canonical\" href=\"https:\/\/www.docuteam.ch\/fr\/data-intelligence\/\" \/>\n<meta property=\"og:locale\" content=\"fr_FR\" \/>\n<meta property=\"og:type\" content=\"article\" \/>\n<meta property=\"og:title\" content=\"docuteam -- Data Intelligence\" \/>\n<meta property=\"og:description\" content=\"La Data Intelligence transforme les donn\u00e9es brutes en informations contextualis\u00e9es et exploitables, base de d\u00e9cisions \u00e9clair\u00e9es et d\u2019une utilisation durable.\" \/>\n<meta property=\"og:url\" content=\"https:\/\/www.docuteam.ch\/fr\/data-intelligence\/\" \/>\n<meta property=\"og:site_name\" content=\"docuteam\" \/>\n<meta property=\"article:modified_time\" content=\"2026-02-18T06:10:24+00:00\" \/>\n<meta property=\"og:image\" content=\"https:\/\/www.docuteam.ch\/wp-content\/uploads\/2021\/04\/docuteam_ueberuns_UltraHD-scaled.jpg\" \/>\n\t<meta property=\"og:image:width\" content=\"2560\" \/>\n\t<meta property=\"og:image:height\" content=\"1440\" \/>\n\t<meta property=\"og:image:type\" content=\"image\/jpeg\" \/>\n<meta name=\"twitter:card\" content=\"summary_large_image\" \/>\n<meta name=\"twitter:site\" content=\"@DocuteamCH\" \/>\n<script type=\"application\/ld+json\" class=\"yoast-schema-graph\">{\"@context\":\"https:\\\/\\\/schema.org\",\"@graph\":[{\"@type\":\"WebPage\",\"@id\":\"https:\\\/\\\/www.docuteam.ch\\\/fr\\\/data-intelligence\\\/\",\"url\":\"https:\\\/\\\/www.docuteam.ch\\\/fr\\\/data-intelligence\\\/\",\"name\":\"docuteam -- Data Intelligence\",\"isPartOf\":{\"@id\":\"https:\\\/\\\/www.docuteam.ch\\\/fr\\\/#website\"},\"datePublished\":\"2026-02-04T09:45:53+00:00\",\"dateModified\":\"2026-02-18T06:10:24+00:00\",\"description\":\"La Data Intelligence transforme les donn\u00e9es brutes en informations contextualis\u00e9es et exploitables, base de d\u00e9cisions \u00e9clair\u00e9es et d\u2019une utilisation durable.\",\"breadcrumb\":{\"@id\":\"https:\\\/\\\/www.docuteam.ch\\\/fr\\\/data-intelligence\\\/#breadcrumb\"},\"inLanguage\":\"fr-FR\",\"potentialAction\":[{\"@type\":\"ReadAction\",\"target\":[\"https:\\\/\\\/www.docuteam.ch\\\/fr\\\/data-intelligence\\\/\"]}]},{\"@type\":\"BreadcrumbList\",\"@id\":\"https:\\\/\\\/www.docuteam.ch\\\/fr\\\/data-intelligence\\\/#breadcrumb\",\"itemListElement\":[{\"@type\":\"ListItem\",\"position\":1,\"name\":\"Accueil\",\"item\":\"https:\\\/\\\/www.docuteam.ch\\\/fr\\\/\"},{\"@type\":\"ListItem\",\"position\":2,\"name\":\"Data Intelligence\"}]},{\"@type\":\"WebSite\",\"@id\":\"https:\\\/\\\/www.docuteam.ch\\\/fr\\\/#website\",\"url\":\"https:\\\/\\\/www.docuteam.ch\\\/fr\\\/\",\"name\":\"docuteam\",\"description\":\"Informationen sind Ihr langfristiges Kapital\",\"publisher\":{\"@id\":\"https:\\\/\\\/www.docuteam.ch\\\/fr\\\/#organization\"},\"potentialAction\":[{\"@type\":\"SearchAction\",\"target\":{\"@type\":\"EntryPoint\",\"urlTemplate\":\"https:\\\/\\\/www.docuteam.ch\\\/fr\\\/?s={search_term_string}\"},\"query-input\":{\"@type\":\"PropertyValueSpecification\",\"valueRequired\":true,\"valueName\":\"search_term_string\"}}],\"inLanguage\":\"fr-FR\"},{\"@type\":\"Organization\",\"@id\":\"https:\\\/\\\/www.docuteam.ch\\\/fr\\\/#organization\",\"name\":\"docuteam\",\"url\":\"https:\\\/\\\/www.docuteam.ch\\\/fr\\\/\",\"logo\":{\"@type\":\"ImageObject\",\"inLanguage\":\"fr-FR\",\"@id\":\"https:\\\/\\\/www.docuteam.ch\\\/fr\\\/#\\\/schema\\\/logo\\\/image\\\/\",\"url\":\"https:\\\/\\\/www.docuteam.ch\\\/wp-content\\\/uploads\\\/2021\\\/03\\\/docuteam_big.png\",\"contentUrl\":\"https:\\\/\\\/www.docuteam.ch\\\/wp-content\\\/uploads\\\/2021\\\/03\\\/docuteam_big.png\",\"width\":200,\"height\":45,\"caption\":\"docuteam\"},\"image\":{\"@id\":\"https:\\\/\\\/www.docuteam.ch\\\/fr\\\/#\\\/schema\\\/logo\\\/image\\\/\"},\"sameAs\":[\"https:\\\/\\\/x.com\\\/DocuteamCH\",\"https:\\\/\\\/www.linkedin.com\\\/company\\\/docuteam-ag\\\/mycompany\\\/\"]}]}<\/script>\n<!-- \/ Yoast SEO plugin. -->","yoast_head_json":{"title":"docuteam -- Data Intelligence","description":"La Data Intelligence transforme les donn\u00e9es brutes en informations contextualis\u00e9es et exploitables, base de d\u00e9cisions \u00e9clair\u00e9es et d\u2019une utilisation durable.","robots":{"index":"index","follow":"follow","max-snippet":"max-snippet:-1","max-image-preview":"max-image-preview:large","max-video-preview":"max-video-preview:-1"},"canonical":"https:\/\/www.docuteam.ch\/fr\/data-intelligence\/","og_locale":"fr_FR","og_type":"article","og_title":"docuteam -- Data Intelligence","og_description":"La Data Intelligence transforme les donn\u00e9es brutes en informations contextualis\u00e9es et exploitables, base de d\u00e9cisions \u00e9clair\u00e9es et d\u2019une utilisation durable.","og_url":"https:\/\/www.docuteam.ch\/fr\/data-intelligence\/","og_site_name":"docuteam","article_modified_time":"2026-02-18T06:10:24+00:00","og_image":[{"width":2560,"height":1440,"url":"https:\/\/www.docuteam.ch\/wp-content\/uploads\/2021\/04\/docuteam_ueberuns_UltraHD-scaled.jpg","type":"image\/jpeg"}],"twitter_card":"summary_large_image","twitter_site":"@DocuteamCH","schema":{"@context":"https:\/\/schema.org","@graph":[{"@type":"WebPage","@id":"https:\/\/www.docuteam.ch\/fr\/data-intelligence\/","url":"https:\/\/www.docuteam.ch\/fr\/data-intelligence\/","name":"docuteam -- Data Intelligence","isPartOf":{"@id":"https:\/\/www.docuteam.ch\/fr\/#website"},"datePublished":"2026-02-04T09:45:53+00:00","dateModified":"2026-02-18T06:10:24+00:00","description":"La Data Intelligence transforme les donn\u00e9es brutes en informations contextualis\u00e9es et exploitables, base de d\u00e9cisions \u00e9clair\u00e9es et d\u2019une utilisation durable.","breadcrumb":{"@id":"https:\/\/www.docuteam.ch\/fr\/data-intelligence\/#breadcrumb"},"inLanguage":"fr-FR","potentialAction":[{"@type":"ReadAction","target":["https:\/\/www.docuteam.ch\/fr\/data-intelligence\/"]}]},{"@type":"BreadcrumbList","@id":"https:\/\/www.docuteam.ch\/fr\/data-intelligence\/#breadcrumb","itemListElement":[{"@type":"ListItem","position":1,"name":"Accueil","item":"https:\/\/www.docuteam.ch\/fr\/"},{"@type":"ListItem","position":2,"name":"Data Intelligence"}]},{"@type":"WebSite","@id":"https:\/\/www.docuteam.ch\/fr\/#website","url":"https:\/\/www.docuteam.ch\/fr\/","name":"docuteam","description":"Informationen sind Ihr langfristiges Kapital","publisher":{"@id":"https:\/\/www.docuteam.ch\/fr\/#organization"},"potentialAction":[{"@type":"SearchAction","target":{"@type":"EntryPoint","urlTemplate":"https:\/\/www.docuteam.ch\/fr\/?s={search_term_string}"},"query-input":{"@type":"PropertyValueSpecification","valueRequired":true,"valueName":"search_term_string"}}],"inLanguage":"fr-FR"},{"@type":"Organization","@id":"https:\/\/www.docuteam.ch\/fr\/#organization","name":"docuteam","url":"https:\/\/www.docuteam.ch\/fr\/","logo":{"@type":"ImageObject","inLanguage":"fr-FR","@id":"https:\/\/www.docuteam.ch\/fr\/#\/schema\/logo\/image\/","url":"https:\/\/www.docuteam.ch\/wp-content\/uploads\/2021\/03\/docuteam_big.png","contentUrl":"https:\/\/www.docuteam.ch\/wp-content\/uploads\/2021\/03\/docuteam_big.png","width":200,"height":45,"caption":"docuteam"},"image":{"@id":"https:\/\/www.docuteam.ch\/fr\/#\/schema\/logo\/image\/"},"sameAs":["https:\/\/x.com\/DocuteamCH","https:\/\/www.linkedin.com\/company\/docuteam-ag\/mycompany\/"]}]}},"_links":{"self":[{"href":"https:\/\/www.docuteam.ch\/fr\/wp-json\/wp\/v2\/pages\/56702","targetHints":{"allow":["GET"]}}],"collection":[{"href":"https:\/\/www.docuteam.ch\/fr\/wp-json\/wp\/v2\/pages"}],"about":[{"href":"https:\/\/www.docuteam.ch\/fr\/wp-json\/wp\/v2\/types\/page"}],"author":[{"embeddable":true,"href":"https:\/\/www.docuteam.ch\/fr\/wp-json\/wp\/v2\/users\/17"}],"replies":[{"embeddable":true,"href":"https:\/\/www.docuteam.ch\/fr\/wp-json\/wp\/v2\/comments?post=56702"}],"version-history":[{"count":20,"href":"https:\/\/www.docuteam.ch\/fr\/wp-json\/wp\/v2\/pages\/56702\/revisions"}],"predecessor-version":[{"id":56898,"href":"https:\/\/www.docuteam.ch\/fr\/wp-json\/wp\/v2\/pages\/56702\/revisions\/56898"}],"wp:attachment":[{"href":"https:\/\/www.docuteam.ch\/fr\/wp-json\/wp\/v2\/media?parent=56702"}],"curies":[{"name":"wp","href":"https:\/\/api.w.org\/{rel}","templated":true}]}}