{"id":56953,"date":"2026-02-18T09:04:26","date_gmt":"2026-02-18T07:04:26","guid":{"rendered":"https:\/\/www.docuteam.ch\/?page_id=56953"},"modified":"2026-02-18T09:04:26","modified_gmt":"2026-02-18T07:04:26","slug":"conseil-fr","status":"publish","type":"page","link":"https:\/\/www.docuteam.ch\/fr\/conseils-en-gestion-documentaire\/conseil-fr\/","title":{"rendered":"Conseil (Fr)"},"content":{"rendered":"<div class=\"wpb-content-wrapper\">[vc_row css=\u00a0\u00bb.vc_custom_1678725216088{padding-top: 60px !important;}\u00a0\u00bb][vc_column]<style>.vcex-heading.vcex_69df557b5cc72{color:#cc0000;font-size:35px;font-weight:600;}.vcex-heading.vcex_69df557b5cc72:hover{color:#cc0000;}@media (max-width:1024px){.vcex-heading.vcex_69df557b5cc72{font-size:30px;}}@media (max-width:959px){.vcex-heading.vcex_69df557b5cc72{font-size:30px;}}@media (max-width:767px){.vcex-heading.vcex_69df557b5cc72{font-size:22px;}}@media (max-width:479px){.vcex-heading.vcex_69df557b5cc72{font-size:22px;}}<\/style><h2 class=\"vcex-heading vcex-heading-plain vcex-module wpex-heading wpex-text-2xl wpex-text-left vcex_69df557b5cc72\"><span class=\"vcex-heading-inner wpex-inline-block\">Conseil en gestion de l\u2019information<\/span><\/h2>[vc_empty_space height=\u00a0\u00bb1.5rem\u00a0\u00bb][vc_column_text text_align=\u00a0\u00bbleft\u00a0\u00bb color=\u00a0\u00bb#000000&Prime; font_size=\u00a0\u00bb23&Prime; line_height=\u00a0\u00bb2&Prime; font_weight=\u00a0\u00bb500&Prime;]\nL\u2019information est votre capital et la m\u00e9moire de votre organisation. Nous la structurons et en assurons sa disponibilit\u00e9 sur le long terme.<br \/>\n[\/vc_column_text][vc_empty_space height=\u00a0\u00bb10px\u00a0\u00bb]<style>.vcex-button.vcex_69df557b5dd01{margin-block-start:30px;}<\/style><a href=\"https:\/\/outlook.office.com\/book\/docuteamAGfr%40docuteam.ch\/s\/TZDDM5xWbUyU7t4AXIUYaw2\" class=\"vcex-button theme-button inline vcex_69df557b5dd01\" target=\"_blank\" rel=\"noopener noreferrer\"><span class=\"vcex-button-inner theme-button-inner wpex-flex wpex-flex-wrap wpex-items-center wpex-justify-center\">\nPrendre rendez-vous<br \/>\n<\/span><\/a> [\/vc_column][\/vc_row][vc_row][vc_column][vc_column_text]\n[\/vc_column_text][\/vc_column][\/vc_row][vc_row content_placement=\u00a0\u00bbtop\u00a0\u00bb css=\u00a0\u00bb.vc_custom_1680516574029{padding-top: 40px !important;}\u00a0\u00bb local_scroll_id=\u00a0\u00bbexpertise\u00a0\u00bb][vc_column]<style>.vcex-heading.vcex_69df557b5e323{color:#cc0000;font-size:35px;font-weight:600;}.vcex-heading.vcex_69df557b5e323:hover{color:#cc0000;}@media (max-width:1024px){.vcex-heading.vcex_69df557b5e323{font-size:30px;}}@media (max-width:959px){.vcex-heading.vcex_69df557b5e323{font-size:30px;}}@media (max-width:767px){.vcex-heading.vcex_69df557b5e323{font-size:22px;}}@media (max-width:479px){.vcex-heading.vcex_69df557b5e323{font-size:22px;}}<\/style><h2 class=\"vcex-heading vcex-heading-plain vcex-module wpex-heading wpex-text-2xl wpex-text-left vcex_69df557b5e323\"><span class=\"vcex-heading-inner wpex-inline-block\">Notre expertise, largement \u00e9prouv\u00e9e<\/span><\/h2>[vc_column_text css=\u00a0\u00bb.vc_custom_2612700000101{padding-top: 10px !important;}\u00a0\u00bb text_align=\u00a0\u00bbleft\u00a0\u00bb font_size=\u00a0\u00bbd:20|tl:20|tp:20|pl:17|pp:17&Prime; line_height=\u00a0\u00bb2&Prime; color=\u00a0\u00bb#000000&Prime; font_weight=\u00a0\u00bb600&Prime;]\nLa quantit\u00e9 de donn\u00e9es et de syst\u00e8mes et applications m\u00e9tiers ne cesse de cro\u00eetre. Cette complexit\u00e9 ne peut \u00eatre ma\u00eetris\u00e9e que si les structures, les r\u00e8gles et la s\u00e9curit\u00e9 sont orchestr\u00e9es dans une perspective globale : c\u2019est le r\u00f4le de la gouvernance strat\u00e9gique de l\u2019information.<br \/>\n[\/vc_column_text][vc_column_text css=\u00a0\u00bb.vc_custom_2612700000102{padding-top: 10px !important;}\u00a0\u00bb text_align=\u00a0\u00bbleft\u00a0\u00bb font_size=\u00a0\u00bbd:20|tl:20|tp:20|pl:17|pp:17&Prime; line_height=\u00a0\u00bb2&Prime; color=\u00a0\u00bb#000000&Prime; font_weight=\u00a0\u00bb600&Prime;]\nNous optimisons votre paysage informationnel et votre gestion documentaire dans cette optique. Concr\u00e8tement, nous intervenons sur :<br \/>\n[\/vc_column_text][vc_empty_space height=\u00a0\u00bb1rem\u00a0\u00bb][vc_row_inner equal_height=\u00a0\u00bbyes\u00a0\u00bb content_placement=\u00a0\u00bbtop\u00a0\u00bb el_class=\u00a0\u00bbdi-tiles\u00a0\u00bb][vc_column_inner width=\u00a0\u00bb1\/2&Prime;]<style>.vcex-heading.vcex_69df557b5e963{color:#000000;font-size:22px;font-weight:700;}@media (max-width:1024px){.vcex-heading.vcex_69df557b5e963{font-size:22px;}}@media (max-width:959px){.vcex-heading.vcex_69df557b5e963{font-size:22px;}}@media (max-width:767px){.vcex-heading.vcex_69df557b5e963{font-size:20px;}}@media (max-width:479px){.vcex-heading.vcex_69df557b5e963{font-size:20px;}}<\/style><h4 class=\"vcex-heading vcex-heading-plain vcex-module wpex-heading wpex-text-2xl wpex-text-left vcex_69df557b5e963\"><span class=\"vcex-heading-inner wpex-inline-block\">Microsoft 365 et Records Management<\/span><\/h4>[vc_column_text el_class=\u00a0\u00bbdi-tile\u00a0\u00bb text_align=\u00a0\u00bbleft\u00a0\u00bb font_size=\u00a0\u00bbd:20|tl:20|tp:20|pl:17|pp:17&Prime; line_height=\u00a0\u00bb2&Prime; color=\u00a0\u00bb#000000&Prime; font_weight=\u00a0\u00bb600&Prime;]\nLa configuration de Microsoft 365 pour la conformit\u00e9 et l&rsquo;archivage (Records Management).<br \/>\n[\/vc_column_text][\/vc_column_inner][vc_column_inner width=\u00a0\u00bb1\/2&Prime;]<style>.vcex-heading.vcex_69df557b5efa2{color:#000000;font-size:22px;font-weight:700;}@media (max-width:1024px){.vcex-heading.vcex_69df557b5efa2{font-size:22px;}}@media (max-width:959px){.vcex-heading.vcex_69df557b5efa2{font-size:22px;}}@media (max-width:767px){.vcex-heading.vcex_69df557b5efa2{font-size:20px;}}@media (max-width:479px){.vcex-heading.vcex_69df557b5efa2{font-size:20px;}}<\/style><h4 class=\"vcex-heading vcex-heading-plain vcex-module wpex-heading wpex-text-2xl wpex-text-left vcex_69df557b5efa2\"><span class=\"vcex-heading-inner wpex-inline-block\">Gestion \u00c9lectronique de Documents (GED)<\/span><\/h4>[vc_column_text el_class=\u00a0\u00bbdi-tile\u00a0\u00bb text_align=\u00a0\u00bbleft\u00a0\u00bb font_size=\u00a0\u00bbd:20|tl:20|tp:20|pl:17|pp:17&Prime; line_height=\u00a0\u00bb2&Prime; color=\u00a0\u00bb#000000&Prime; font_weight=\u00a0\u00bb600&Prime;]\nLa mise en place et l&rsquo;optimisation de votre Gestion \u00c9lectronique de Documents (GED).<br \/>\n[\/vc_column_text][\/vc_column_inner][vc_column_inner width=\u00a0\u00bb1\/2&Prime;]<style>.vcex-heading.vcex_69df557b5f5d1{color:#000000;font-size:22px;font-weight:700;}@media (max-width:1024px){.vcex-heading.vcex_69df557b5f5d1{font-size:22px;}}@media (max-width:959px){.vcex-heading.vcex_69df557b5f5d1{font-size:22px;}}@media (max-width:767px){.vcex-heading.vcex_69df557b5f5d1{font-size:20px;}}@media (max-width:479px){.vcex-heading.vcex_69df557b5f5d1{font-size:20px;}}<\/style><h4 class=\"vcex-heading vcex-heading-plain vcex-module wpex-heading wpex-text-2xl wpex-text-left vcex_69df557b5f5d1\"><span class=\"vcex-heading-inner wpex-inline-block\">Gestion du cycle de vie<\/span><\/h4>[vc_column_text el_class=\u00a0\u00bbdi-tile\u00a0\u00bb text_align=\u00a0\u00bbleft\u00a0\u00bb font_size=\u00a0\u00bbd:20|tl:20|tp:20|pl:17|pp:17&Prime; line_height=\u00a0\u00bb2&Prime; color=\u00a0\u00bb#000000&Prime; font_weight=\u00a0\u00bb600&Prime;]\nLa gestion du cycle de vie (d\u00e9lais de conservation, \u00e9valuation et sort final).<br \/>\n[\/vc_column_text][\/vc_column_inner][vc_column_inner width=\u00a0\u00bb1\/2&Prime;]<style>.vcex-heading.vcex_69df557b5fbe2{color:#000000;font-size:22px;font-weight:700;}@media (max-width:1024px){.vcex-heading.vcex_69df557b5fbe2{font-size:22px;}}@media (max-width:959px){.vcex-heading.vcex_69df557b5fbe2{font-size:22px;}}@media (max-width:767px){.vcex-heading.vcex_69df557b5fbe2{font-size:20px;}}@media (max-width:479px){.vcex-heading.vcex_69df557b5fbe2{font-size:20px;}}<\/style><h4 class=\"vcex-heading vcex-heading-plain vcex-module wpex-heading wpex-text-2xl wpex-text-left vcex_69df557b5fbe2\"><span class=\"vcex-heading-inner wpex-inline-block\">Plan de classement<\/span><\/h4>[vc_column_text el_class=\u00a0\u00bbdi-tile\u00a0\u00bb text_align=\u00a0\u00bbleft\u00a0\u00bb font_size=\u00a0\u00bbd:20|tl:20|tp:20|pl:17|pp:17&Prime; line_height=\u00a0\u00bb2&Prime; color=\u00a0\u00bb#000000&Prime; font_weight=\u00a0\u00bb600&Prime;]\nL\u2019\u00e9laboration et l&rsquo;optimisation de votre plan de classement.<br \/>\n[\/vc_column_text][\/vc_column_inner][vc_column_inner width=\u00a0\u00bb1\/2&Prime;]<style>.vcex-heading.vcex_69df557b6022b{color:#000000;font-size:22px;font-weight:700;}@media (max-width:1024px){.vcex-heading.vcex_69df557b6022b{font-size:22px;}}@media (max-width:959px){.vcex-heading.vcex_69df557b6022b{font-size:22px;}}@media (max-width:767px){.vcex-heading.vcex_69df557b6022b{font-size:20px;}}@media (max-width:479px){.vcex-heading.vcex_69df557b6022b{font-size:20px;}}<\/style><h4 class=\"vcex-heading vcex-heading-plain vcex-module wpex-heading wpex-text-2xl wpex-text-left vcex_69df557b6022b\"><span class=\"vcex-heading-inner wpex-inline-block\">Cadre normatif et gouvernance<\/span><\/h4>[vc_column_text el_class=\u00a0\u00bbdi-tile\u00a0\u00bb text_align=\u00a0\u00bbleft\u00a0\u00bb font_size=\u00a0\u00bbd:20|tl:20|tp:20|pl:17|pp:17&Prime; line_height=\u00a0\u00bb2&Prime; color=\u00a0\u00bb#000000&Prime; font_weight=\u00a0\u00bb600&Prime;]\nLa d\u00e9finition d\u2019un cadre normatif et de r\u00e8gles de gouvernance.<br \/>\n[\/vc_column_text][\/vc_column_inner][vc_column_inner width=\u00a0\u00bb1\/2&Prime;]<style>.vcex-heading.vcex_69df557b60833{color:#000000;font-size:22px;font-weight:700;}@media (max-width:1024px){.vcex-heading.vcex_69df557b60833{font-size:22px;}}@media (max-width:959px){.vcex-heading.vcex_69df557b60833{font-size:22px;}}@media (max-width:767px){.vcex-heading.vcex_69df557b60833{font-size:20px;}}@media (max-width:479px){.vcex-heading.vcex_69df557b60833{font-size:20px;}}<\/style><h4 class=\"vcex-heading vcex-heading-plain vcex-module wpex-heading wpex-text-2xl wpex-text-left vcex_69df557b60833\"><span class=\"vcex-heading-inner wpex-inline-block\">Concepts op\u00e9rationnels<\/span><\/h4>[vc_column_text el_class=\u00a0\u00bbdi-tile\u00a0\u00bb text_align=\u00a0\u00bbleft\u00a0\u00bb font_size=\u00a0\u00bbd:20|tl:20|tp:20|pl:17|pp:17&Prime; line_height=\u00a0\u00bb2&Prime; color=\u00a0\u00bb#000000&Prime; font_weight=\u00a0\u00bb600&Prime;]\nL&rsquo;\u00e9laboration de concepts op\u00e9rationnels (acc\u00e8s, migration, formation, exploitation, archivage).<br \/>\n[\/vc_column_text][\/vc_column_inner][vc_column_inner width=\u00a0\u00bb1\/2&Prime;]<style>.vcex-heading.vcex_69df557b60e65{color:#000000;font-size:22px;font-weight:700;}@media (max-width:1024px){.vcex-heading.vcex_69df557b60e65{font-size:22px;}}@media (max-width:959px){.vcex-heading.vcex_69df557b60e65{font-size:22px;}}@media (max-width:767px){.vcex-heading.vcex_69df557b60e65{font-size:20px;}}@media (max-width:479px){.vcex-heading.vcex_69df557b60e65{font-size:20px;}}<\/style><h4 class=\"vcex-heading vcex-heading-plain vcex-module wpex-heading wpex-text-2xl wpex-text-left vcex_69df557b60e65\"><span class=\"vcex-heading-inner wpex-inline-block\">Audit et \u00e9valuation de maturit\u00e9<\/span><\/h4>[vc_column_text el_class=\u00a0\u00bbdi-tile\u00a0\u00bb text_align=\u00a0\u00bbleft\u00a0\u00bb font_size=\u00a0\u00bbd:20|tl:20|tp:20|pl:17|pp:17&Prime; line_height=\u00a0\u00bb2&Prime; color=\u00a0\u00bb#000000&Prime; font_weight=\u00a0\u00bb600&Prime;]\nL&rsquo;audit et l&rsquo;\u00e9valuation de votre niveau de maturit\u00e9 en mati\u00e8re de gestion documentaire.<br \/>\n[\/vc_column_text][\/vc_column_inner][\/vc_row_inner][\/vc_column][\/vc_row][vc_row][vc_column][vc_column_text]\n[\/vc_column_text][\/vc_column][\/vc_row][vc_row content_placement=\u00a0\u00bbtop\u00a0\u00bb css=\u00a0\u00bb.vc_custom_1680517817658{padding-top: 40px !important;}\u00a0\u00bb local_scroll_id=\u00a0\u00bbsimplicity\u00a0\u00bb][vc_column]<style>.vcex-heading.vcex_69df557b61461{color:#cc0000;font-size:35px;font-weight:600;}.vcex-heading.vcex_69df557b61461:hover{color:#cc0000;}@media (max-width:1024px){.vcex-heading.vcex_69df557b61461{font-size:30px;}}@media (max-width:959px){.vcex-heading.vcex_69df557b61461{font-size:30px;}}@media (max-width:767px){.vcex-heading.vcex_69df557b61461{font-size:22px;}}@media (max-width:479px){.vcex-heading.vcex_69df557b61461{font-size:22px;}}<\/style><h2 class=\"vcex-heading vcex-heading-plain vcex-module wpex-heading wpex-text-2xl wpex-text-left vcex_69df557b61461\"><span class=\"vcex-heading-inner wpex-inline-block\">La simplicit\u00e9 est la cl\u00e9<\/span><\/h2>[vc_column_text css=\u00a0\u00bb.vc_custom_1769691407854{padding-top: 10px !important;}\u00a0\u00bb text_align=\u00a0\u00bbleft\u00a0\u00bb font_size=\u00a0\u00bbd:20|tl:20|tp:20|pl:17|pp:17&Prime; line_height=\u00a0\u00bb2&Prime; color=\u00a0\u00bb#000000&Prime; font_weight=\u00a0\u00bb600&Prime;]\nNous voulons simplifier le quotidien de vos collaborateurs : structures logiques, r\u00e8gles claires et configurations standardis\u00e9es.<\/p>\n<p>Pour que ces changements apportent une r\u00e9elle valeur ajout\u00e9e \u00e0 vos \u00e9quipes, une approche minutieuse et une communication coordonn\u00e9e sont indispensables. Nous concevons votre projet dans sa globalit\u00e9 et vous accompagnons \u00e0 chaque \u00e9tape.<br \/>\n[\/vc_column_text][\/vc_column][\/vc_row][vc_row][vc_column][vc_column_text]\n[\/vc_column_text][\/vc_column][\/vc_row][vc_row][vc_column][\/vc_column][\/vc_row]\n<\/div>","protected":false},"excerpt":{"rendered":"<p>[vc_row css=\u00a0\u00bb.vc_custom_1678725216088{padding-top: 60px !important;}\u00a0\u00bb][vc_column][vc_empty_space height=\u00a0\u00bb1.5rem\u00a0\u00bb][vc_column_text text_align=\u00a0\u00bbleft\u00a0\u00bb color=\u00a0\u00bb#000000&Prime; font_size=\u00a0\u00bb23&Prime; line_height=\u00a0\u00bb2&Prime; font_weight=\u00a0\u00bb500&Prime;] L\u2019information est votre capital et la m\u00e9moire de votre organisation. Nous la structurons et en assurons sa disponibilit\u00e9 sur le long terme. [\/vc_column_text][vc_empty_space height=\u00a0\u00bb10px\u00a0\u00bb][\/vc_column][\/vc_row][vc_row][vc_column][vc_column_text] [\/vc_column_text][\/vc_column][\/vc_row][vc_row content_placement=\u00a0\u00bbtop\u00a0\u00bb css=\u00a0\u00bb.vc_custom_1680516574029{padding-top: 40px !important;}\u00a0\u00bb local_scroll_id=\u00a0\u00bbexpertise\u00a0\u00bb][vc_column][vc_column_text css=\u00a0\u00bb.vc_custom_2612700000101{padding-top: 10px !important;}\u00a0\u00bb text_align=\u00a0\u00bbleft\u00a0\u00bb font_size=\u00a0\u00bbd:20|tl:20|tp:20|pl:17|pp:17&Prime; line_height=\u00a0\u00bb2&Prime; color=\u00a0\u00bb#000000&Prime; font_weight=\u00a0\u00bb600&Prime;] La quantit\u00e9 de donn\u00e9es et de syst\u00e8mes&hellip;<\/p>\n","protected":false},"author":17,"featured_media":0,"parent":237,"menu_order":0,"comment_status":"closed","ping_status":"closed","template":"","meta":{"footnotes":""},"class_list":["post-56953","page","type-page","status-publish","hentry","entry","no-media"],"yoast_head":"<!-- This site is optimized with the Yoast SEO plugin v27.4 - https:\/\/yoast.com\/product\/yoast-seo-wordpress\/ -->\n<title>Conseil (Fr) - docuteam<\/title>\n<meta name=\"robots\" content=\"index, follow, max-snippet:-1, max-image-preview:large, max-video-preview:-1\" \/>\n<link rel=\"canonical\" href=\"https:\/\/www.docuteam.ch\/fr\/conseils-en-gestion-documentaire\/conseil-fr\/\" \/>\n<meta property=\"og:locale\" content=\"fr_FR\" \/>\n<meta property=\"og:type\" content=\"article\" \/>\n<meta property=\"og:title\" content=\"Conseil (Fr) - docuteam\" \/>\n<meta property=\"og:description\" content=\"[vc_row css=\u00a0\u00bb.vc_custom_1678725216088{padding-top: 60px !important;}\u00a0\u00bb][vc_column][vc_empty_space height=\u00a0\u00bb1.5rem\u00a0\u00bb][vc_column_text text_align=\u00a0\u00bbleft\u00a0\u00bb color=\u00a0\u00bb#000000&Prime; font_size=\u00a0\u00bb23&Prime; line_height=\u00a0\u00bb2&Prime; font_weight=\u00a0\u00bb500&Prime;] L\u2019information est votre capital et la m\u00e9moire de votre organisation. Nous la structurons et en assurons sa disponibilit\u00e9 sur le long terme. [\/vc_column_text][vc_empty_space height=\u00a0\u00bb10px\u00a0\u00bb][\/vc_column][\/vc_row][vc_row][vc_column][vc_column_text] [\/vc_column_text][\/vc_column][\/vc_row][vc_row content_placement=\u00a0\u00bbtop\u00a0\u00bb css=\u00a0\u00bb.vc_custom_1680516574029{padding-top: 40px !important;}\u00a0\u00bb local_scroll_id=\u00a0\u00bbexpertise\u00a0\u00bb][vc_column][vc_column_text css=\u00a0\u00bb.vc_custom_2612700000101{padding-top: 10px !important;}\u00a0\u00bb text_align=\u00a0\u00bbleft\u00a0\u00bb font_size=\u00a0\u00bbd:20|tl:20|tp:20|pl:17|pp:17&Prime; line_height=\u00a0\u00bb2&Prime; color=\u00a0\u00bb#000000&Prime; font_weight=\u00a0\u00bb600&Prime;] La quantit\u00e9 de donn\u00e9es et de syst\u00e8mes&hellip;\" \/>\n<meta property=\"og:url\" content=\"https:\/\/www.docuteam.ch\/fr\/conseils-en-gestion-documentaire\/conseil-fr\/\" \/>\n<meta property=\"og:site_name\" content=\"docuteam\" \/>\n<meta property=\"og:image\" content=\"https:\/\/www.docuteam.ch\/wp-content\/uploads\/2021\/04\/Evaulation.jpg\" \/>\n<meta name=\"twitter:card\" content=\"summary_large_image\" \/>\n<meta name=\"twitter:image\" content=\"https:\/\/www.docuteam.ch\/wp-content\/uploads\/2021\/04\/Evaulation.jpg\" \/>\n<meta name=\"twitter:site\" content=\"@DocuteamCH\" \/>\n<script type=\"application\/ld+json\" class=\"yoast-schema-graph\">{\"@context\":\"https:\\\/\\\/schema.org\",\"@graph\":[{\"@type\":\"WebPage\",\"@id\":\"https:\\\/\\\/www.docuteam.ch\\\/fr\\\/conseils-en-gestion-documentaire\\\/conseil-fr\\\/\",\"url\":\"https:\\\/\\\/www.docuteam.ch\\\/fr\\\/conseils-en-gestion-documentaire\\\/conseil-fr\\\/\",\"name\":\"Conseil (Fr) - docuteam\",\"isPartOf\":{\"@id\":\"https:\\\/\\\/www.docuteam.ch\\\/fr\\\/#website\"},\"datePublished\":\"2026-02-18T07:04:26+00:00\",\"breadcrumb\":{\"@id\":\"https:\\\/\\\/www.docuteam.ch\\\/fr\\\/conseils-en-gestion-documentaire\\\/conseil-fr\\\/#breadcrumb\"},\"inLanguage\":\"fr-FR\",\"potentialAction\":[{\"@type\":\"ReadAction\",\"target\":[\"https:\\\/\\\/www.docuteam.ch\\\/fr\\\/conseils-en-gestion-documentaire\\\/conseil-fr\\\/\"]}]},{\"@type\":\"BreadcrumbList\",\"@id\":\"https:\\\/\\\/www.docuteam.ch\\\/fr\\\/conseils-en-gestion-documentaire\\\/conseil-fr\\\/#breadcrumb\",\"itemListElement\":[{\"@type\":\"ListItem\",\"position\":1,\"name\":\"Accueil\",\"item\":\"https:\\\/\\\/www.docuteam.ch\\\/fr\\\/\"},{\"@type\":\"ListItem\",\"position\":2,\"name\":\"Conseil (Fr)\"}]},{\"@type\":\"WebSite\",\"@id\":\"https:\\\/\\\/www.docuteam.ch\\\/fr\\\/#website\",\"url\":\"https:\\\/\\\/www.docuteam.ch\\\/fr\\\/\",\"name\":\"docuteam\",\"description\":\"Informationen sind Ihr langfristiges Kapital\",\"publisher\":{\"@id\":\"https:\\\/\\\/www.docuteam.ch\\\/fr\\\/#organization\"},\"potentialAction\":[{\"@type\":\"SearchAction\",\"target\":{\"@type\":\"EntryPoint\",\"urlTemplate\":\"https:\\\/\\\/www.docuteam.ch\\\/fr\\\/?s={search_term_string}\"},\"query-input\":{\"@type\":\"PropertyValueSpecification\",\"valueRequired\":true,\"valueName\":\"search_term_string\"}}],\"inLanguage\":\"fr-FR\"},{\"@type\":\"Organization\",\"@id\":\"https:\\\/\\\/www.docuteam.ch\\\/fr\\\/#organization\",\"name\":\"docuteam\",\"url\":\"https:\\\/\\\/www.docuteam.ch\\\/fr\\\/\",\"logo\":{\"@type\":\"ImageObject\",\"inLanguage\":\"fr-FR\",\"@id\":\"https:\\\/\\\/www.docuteam.ch\\\/fr\\\/#\\\/schema\\\/logo\\\/image\\\/\",\"url\":\"https:\\\/\\\/www.docuteam.ch\\\/wp-content\\\/uploads\\\/2021\\\/03\\\/docuteam_big.png\",\"contentUrl\":\"https:\\\/\\\/www.docuteam.ch\\\/wp-content\\\/uploads\\\/2021\\\/03\\\/docuteam_big.png\",\"width\":200,\"height\":45,\"caption\":\"docuteam\"},\"image\":{\"@id\":\"https:\\\/\\\/www.docuteam.ch\\\/fr\\\/#\\\/schema\\\/logo\\\/image\\\/\"},\"sameAs\":[\"https:\\\/\\\/x.com\\\/DocuteamCH\",\"https:\\\/\\\/www.linkedin.com\\\/company\\\/docuteam-ag\\\/mycompany\\\/\"]}]}<\/script>\n<!-- \/ Yoast SEO plugin. -->","yoast_head_json":{"title":"Conseil (Fr) - docuteam","robots":{"index":"index","follow":"follow","max-snippet":"max-snippet:-1","max-image-preview":"max-image-preview:large","max-video-preview":"max-video-preview:-1"},"canonical":"https:\/\/www.docuteam.ch\/fr\/conseils-en-gestion-documentaire\/conseil-fr\/","og_locale":"fr_FR","og_type":"article","og_title":"Conseil (Fr) - docuteam","og_description":"[vc_row css=\u00a0\u00bb.vc_custom_1678725216088{padding-top: 60px !important;}\u00a0\u00bb][vc_column][vc_empty_space height=\u00a0\u00bb1.5rem\u00a0\u00bb][vc_column_text text_align=\u00a0\u00bbleft\u00a0\u00bb color=\u00a0\u00bb#000000&Prime; font_size=\u00a0\u00bb23&Prime; line_height=\u00a0\u00bb2&Prime; font_weight=\u00a0\u00bb500&Prime;] L\u2019information est votre capital et la m\u00e9moire de votre organisation. Nous la structurons et en assurons sa disponibilit\u00e9 sur le long terme. [\/vc_column_text][vc_empty_space height=\u00a0\u00bb10px\u00a0\u00bb][\/vc_column][\/vc_row][vc_row][vc_column][vc_column_text] [\/vc_column_text][\/vc_column][\/vc_row][vc_row content_placement=\u00a0\u00bbtop\u00a0\u00bb css=\u00a0\u00bb.vc_custom_1680516574029{padding-top: 40px !important;}\u00a0\u00bb local_scroll_id=\u00a0\u00bbexpertise\u00a0\u00bb][vc_column][vc_column_text css=\u00a0\u00bb.vc_custom_2612700000101{padding-top: 10px !important;}\u00a0\u00bb text_align=\u00a0\u00bbleft\u00a0\u00bb font_size=\u00a0\u00bbd:20|tl:20|tp:20|pl:17|pp:17&Prime; line_height=\u00a0\u00bb2&Prime; color=\u00a0\u00bb#000000&Prime; font_weight=\u00a0\u00bb600&Prime;] La quantit\u00e9 de donn\u00e9es et de syst\u00e8mes&hellip;","og_url":"https:\/\/www.docuteam.ch\/fr\/conseils-en-gestion-documentaire\/conseil-fr\/","og_site_name":"docuteam","og_image":[{"url":"https:\/\/www.docuteam.ch\/wp-content\/uploads\/2021\/04\/Evaulation.jpg","type":"","width":"","height":""}],"twitter_card":"summary_large_image","twitter_image":"https:\/\/www.docuteam.ch\/wp-content\/uploads\/2021\/04\/Evaulation.jpg","twitter_site":"@DocuteamCH","schema":{"@context":"https:\/\/schema.org","@graph":[{"@type":"WebPage","@id":"https:\/\/www.docuteam.ch\/fr\/conseils-en-gestion-documentaire\/conseil-fr\/","url":"https:\/\/www.docuteam.ch\/fr\/conseils-en-gestion-documentaire\/conseil-fr\/","name":"Conseil (Fr) - docuteam","isPartOf":{"@id":"https:\/\/www.docuteam.ch\/fr\/#website"},"datePublished":"2026-02-18T07:04:26+00:00","breadcrumb":{"@id":"https:\/\/www.docuteam.ch\/fr\/conseils-en-gestion-documentaire\/conseil-fr\/#breadcrumb"},"inLanguage":"fr-FR","potentialAction":[{"@type":"ReadAction","target":["https:\/\/www.docuteam.ch\/fr\/conseils-en-gestion-documentaire\/conseil-fr\/"]}]},{"@type":"BreadcrumbList","@id":"https:\/\/www.docuteam.ch\/fr\/conseils-en-gestion-documentaire\/conseil-fr\/#breadcrumb","itemListElement":[{"@type":"ListItem","position":1,"name":"Accueil","item":"https:\/\/www.docuteam.ch\/fr\/"},{"@type":"ListItem","position":2,"name":"Conseil (Fr)"}]},{"@type":"WebSite","@id":"https:\/\/www.docuteam.ch\/fr\/#website","url":"https:\/\/www.docuteam.ch\/fr\/","name":"docuteam","description":"Informationen sind Ihr langfristiges Kapital","publisher":{"@id":"https:\/\/www.docuteam.ch\/fr\/#organization"},"potentialAction":[{"@type":"SearchAction","target":{"@type":"EntryPoint","urlTemplate":"https:\/\/www.docuteam.ch\/fr\/?s={search_term_string}"},"query-input":{"@type":"PropertyValueSpecification","valueRequired":true,"valueName":"search_term_string"}}],"inLanguage":"fr-FR"},{"@type":"Organization","@id":"https:\/\/www.docuteam.ch\/fr\/#organization","name":"docuteam","url":"https:\/\/www.docuteam.ch\/fr\/","logo":{"@type":"ImageObject","inLanguage":"fr-FR","@id":"https:\/\/www.docuteam.ch\/fr\/#\/schema\/logo\/image\/","url":"https:\/\/www.docuteam.ch\/wp-content\/uploads\/2021\/03\/docuteam_big.png","contentUrl":"https:\/\/www.docuteam.ch\/wp-content\/uploads\/2021\/03\/docuteam_big.png","width":200,"height":45,"caption":"docuteam"},"image":{"@id":"https:\/\/www.docuteam.ch\/fr\/#\/schema\/logo\/image\/"},"sameAs":["https:\/\/x.com\/DocuteamCH","https:\/\/www.linkedin.com\/company\/docuteam-ag\/mycompany\/"]}]}},"_links":{"self":[{"href":"https:\/\/www.docuteam.ch\/fr\/wp-json\/wp\/v2\/pages\/56953","targetHints":{"allow":["GET"]}}],"collection":[{"href":"https:\/\/www.docuteam.ch\/fr\/wp-json\/wp\/v2\/pages"}],"about":[{"href":"https:\/\/www.docuteam.ch\/fr\/wp-json\/wp\/v2\/types\/page"}],"author":[{"embeddable":true,"href":"https:\/\/www.docuteam.ch\/fr\/wp-json\/wp\/v2\/users\/17"}],"replies":[{"embeddable":true,"href":"https:\/\/www.docuteam.ch\/fr\/wp-json\/wp\/v2\/comments?post=56953"}],"version-history":[{"count":2,"href":"https:\/\/www.docuteam.ch\/fr\/wp-json\/wp\/v2\/pages\/56953\/revisions"}],"predecessor-version":[{"id":56955,"href":"https:\/\/www.docuteam.ch\/fr\/wp-json\/wp\/v2\/pages\/56953\/revisions\/56955"}],"up":[{"embeddable":true,"href":"https:\/\/www.docuteam.ch\/fr\/wp-json\/wp\/v2\/pages\/237"}],"wp:attachment":[{"href":"https:\/\/www.docuteam.ch\/fr\/wp-json\/wp\/v2\/media?parent=56953"}],"curies":[{"name":"wp","href":"https:\/\/api.w.org\/{rel}","templated":true}]}}