{"id":84,"date":"2021-03-03T13:32:27","date_gmt":"2021-03-03T12:32:27","guid":{"rendered":"http:\/\/beta.docuteam.ch\/?page_id=84"},"modified":"2025-04-09T10:47:30","modified_gmt":"2025-04-09T08:47:30","slug":"espace-pro","status":"publish","type":"page","link":"https:\/\/www.docuteam.ch\/fr\/espace-pro\/","title":{"rendered":"Espace Pro"},"content":{"rendered":"<div class=\"wpb-content-wrapper\">[vc_row full_width=\u00a0\u00bbstretch_row\u00a0\u00bb content_placement=\u00a0\u00bbtop\u00a0\u00bb css=\u00a0\u00bb.vc_custom_1618443962486{margin-top: 60px !important;}\u00a0\u00bb][vc_column]<style>.vcex-heading.vcex_69f90737d7469{color:#cc0000;font-size:35px;font-weight:600;}.vcex-heading.vcex_69f90737d7469:hover{color:#cc0000;}@media (max-width:1024px){.vcex-heading.vcex_69f90737d7469{font-size:30px;}}@media (max-width:959px){.vcex-heading.vcex_69f90737d7469{font-size:30px;}}@media (max-width:767px){.vcex-heading.vcex_69f90737d7469{font-size:22px;}}@media (max-width:479px){.vcex-heading.vcex_69f90737d7469{font-size:22px;}}<\/style><h2 class=\"vcex-heading vcex-heading-plain vcex-module wpex-heading wpex-text-2xl wpex-text-left vcex_69f90737d7469\"><span class=\"vcex-heading-inner wpex-inline-block\">Plateforme explicative : logiciels et docuteam cosmos<\/span><\/h2>[vc_row_inner css=\u00a0\u00bb.vc_custom_1618443935137{margin-top: 10px !important;}\u00a0\u00bb][vc_column_inner width=\u00a0\u00bb1\/4&Prime;]<figure class=\"vcex-image vcex-module wpex-text-left\"><div class=\"vcex-image-inner wpex-relative wpex-inline-block vc_custom_1642098970795\"><a href=\"https:\/\/docs.docuteam.ch\/fr\" target=\"_blank\" rel=\"noopener noreferrer\"><img width=\"260\" height=\"250\" src=\"https:\/\/www.docuteam.ch\/wp-content\/uploads\/2021\/04\/software_docuteam.png\" class=\"vcex-image-img wpex-align-middle\" alt=\"\" loading=\"lazy\" decoding=\"async\" \/><\/a><\/div><\/figure>[\/vc_column_inner][vc_column_inner width=\u00a0\u00bb3\/4&Prime;][vc_column_text css=\u00a0\u00bb.vc_custom_1678896767633{padding-top: 10px !important;padding-left: 10px !important;}\u00a0\u00bb font_size=\u00a0\u00bb20&Prime; line_height=\u00a0\u00bb2&Prime;]La documentation d\u00e9taill\u00e9e de l&rsquo;ensemble de nos logiciels se trouve sur notre <a href=\"https:\/\/docs.docuteam.ch\/fr\" target=\"_blank\" rel=\"noopener\">plateforme de documentation<\/a>.<\/p>\n<ul>\n<li><strong>docuteam cosmos<\/strong> (solution compl\u00e8te pour l&rsquo;exploitation d&rsquo;archives num\u00e9riques \u00e0 long terme)<\/li>\n<li><strong>docuteam packer<\/strong> (application Java permettant de pr\u00e9parer des paquets de donn\u00e9es pour une archive num\u00e9rique.)<\/li>\n<li><strong>docuteam feeder<\/strong> (outil de workflow pour l&rsquo;ingestion)<\/li>\n<li><strong>docuteam bridge<\/strong> (interface machine pour livrer des colis ou r\u00e9cup\u00e9rer des colis archiv\u00e9s)<\/li>\n<li><strong>etc.<\/strong><\/li>\n<\/ul>\n[\/vc_column_text][\/vc_column_inner][\/vc_row_inner][\/vc_column][\/vc_row][vc_row full_width=\u00a0\u00bbstretch_row\u00a0\u00bb css=\u00a0\u00bb.vc_custom_1678896796577{margin-top: 40px !important;margin-bottom: 40px !important;}\u00a0\u00bb][vc_column]<style>.vcex-heading.vcex_69f90737d925e{color:#cc0000;font-size:35px;font-weight:600;}.vcex-heading.vcex_69f90737d925e:hover{color:#cc0000;}@media (max-width:1024px){.vcex-heading.vcex_69f90737d925e{font-size:30px;}}@media (max-width:959px){.vcex-heading.vcex_69f90737d925e{font-size:30px;}}@media (max-width:767px){.vcex-heading.vcex_69f90737d925e{font-size:22px;}}@media (max-width:479px){.vcex-heading.vcex_69f90737d925e{font-size:22px;}}<\/style><h2 class=\"vcex-heading vcex-heading-plain vcex-module wpex-heading wpex-text-2xl wpex-text-left vc_custom_1618444148568 vcex_69f90737d925e\"><span class=\"vcex-heading-inner wpex-inline-block\">Documentation docuteam<\/span><\/h2>[vc_row_inner css=\u00a0\u00bb.vc_custom_1618444457676{margin-top: 10px !important;}\u00a0\u00bb][vc_column_inner width=\u00a0\u00bb1\/4&Prime;][vc_single_image image=\u00a0\u00bb5604&Prime; alignment=\u00a0\u00bbcenter\u00a0\u00bb][\/vc_column_inner][vc_column_inner width=\u00a0\u00bb3\/4&Prime;][vc_column_text font_size=\u00a0\u00bbd:20|tl:20|tp:20|pl:17|pp:17&Prime; line_height=\u00a0\u00bb2&Prime; text_align=\u00a0\u00bbleft\u00a0\u00bb]Nous avons r\u00e9dig\u00e9 plusieurs documents pour nous assister dans nos t\u00e2ches professionnelles. Ceux-ci sont \u00e0 votre disposition, mais la plupart n\u2019existe actuellement qu\u2019en allemand.[\/vc_column_text]<style>.vcex-heading.vcex_69f90737d984f{color:#cc0000;font-size:20px;font-weight:600;line-height:2;}.vcex-heading.vcex_69f90737d984f:hover{color:#000000;}@media (max-width:1024px){.vcex-heading.vcex_69f90737d984f{font-size:20px;}}@media (max-width:959px){.vcex-heading.vcex_69f90737d984f{font-size:20px;}}@media (max-width:767px){.vcex-heading.vcex_69f90737d984f{font-size:17px;}}@media (max-width:479px){.vcex-heading.vcex_69f90737d984f{font-size:17px;}}<\/style><h3 class=\"vcex-heading vcex-heading-plain vcex-module wpex-heading wpex-text-2xl wpex-text-left vc_custom_1678896831216 vcex_69f90737d984f\"><a href=\"https:\/\/www.docuteam.ch\/wp-content\/uploads\/2023\/03\/gamme-des-prestations_docuteam.pdf\" class=\"wpex-no-underline wpex-inherit-color-important\" target=\"_blank\" rel=\"noopener noreferrer\"><span class=\"vcex-heading-inner wpex-inline-block\"><span class=\"vcex-heading-icon vcex-heading-icon-left vcex-icon-wrap wpex-mr-10\"><span aria-hidden=\"true\" class=\"fas fa-arrow-right\"><\/span><\/span>Gamme des prestations docuteam<\/span><\/a><\/h3><style>.vcex-heading.vcex_69f90737d9e39{color:#cc0000;font-size:20px;font-weight:600;line-height:2;}.vcex-heading.vcex_69f90737d9e39:hover{color:#000000;}@media (max-width:1024px){.vcex-heading.vcex_69f90737d9e39{font-size:20px;}}@media (max-width:959px){.vcex-heading.vcex_69f90737d9e39{font-size:20px;}}@media (max-width:767px){.vcex-heading.vcex_69f90737d9e39{font-size:17px;}}@media (max-width:479px){.vcex-heading.vcex_69f90737d9e39{font-size:17px;}}<\/style><h3 class=\"vcex-heading vcex-heading-plain vcex-module wpex-heading wpex-text-2xl wpex-text-left vcex_69f90737d9e39\"><a href=\"https:\/\/www.docuteam.ch\/wp-content\/uploads\/2021\/04\/docuteam_15-Jahre.pdf\" class=\"wpex-no-underline wpex-inherit-color-important\" target=\"_blank\" rel=\"noopener noreferrer\"><span class=\"vcex-heading-inner wpex-inline-block\"><span class=\"vcex-heading-icon vcex-heading-icon-left vcex-icon-wrap wpex-mr-10\"><span aria-hidden=\"true\" class=\"fas fa-arrow-right\"><\/span><\/span>Des archivistes dans le monde num\u00e9rique (15 ans de docuteam)<\/span><\/a><\/h3><style>.vcex-heading.vcex_69f90737da403{color:#cc0000;font-size:20px;font-weight:600;line-height:2;}.vcex-heading.vcex_69f90737da403:hover{color:#000000;}@media (max-width:1024px){.vcex-heading.vcex_69f90737da403{font-size:20px;}}@media (max-width:959px){.vcex-heading.vcex_69f90737da403{font-size:20px;}}@media (max-width:767px){.vcex-heading.vcex_69f90737da403{font-size:17px;}}@media (max-width:479px){.vcex-heading.vcex_69f90737da403{font-size:17px;}}<\/style><h3 class=\"vcex-heading vcex-heading-plain vcex-module wpex-heading wpex-text-2xl wpex-text-left vcex_69f90737da403\"><a href=\"https:\/\/www.docuteam.ch\/wp-content\/uploads\/2024\/10\/Pres_OutilsDocuteamCosmos_20241008_Ke.pdf\" class=\"wpex-no-underline wpex-inherit-color-important\" target=\"_blank\" rel=\"noopener noreferrer\"><span class=\"vcex-heading-inner wpex-inline-block\"><span class=\"vcex-heading-icon vcex-heading-icon-left vcex-icon-wrap wpex-mr-10\"><span aria-hidden=\"true\" class=\"fas fa-arrow-right\"><\/span><\/span>docuteam cosmos - Logiciels pour archives<\/span><\/a><\/h3>[\/vc_column_inner][\/vc_row_inner][vc_row_inner css=\u00a0\u00bb.vc_custom_1678896848231{padding-top: 10px !important;}\u00a0\u00bb][vc_column_inner][vc_column_text css=\u00a0\u00bb\u00a0\u00bb font_size=\u00a0\u00bb20&Prime; line_height=\u00a0\u00bb2&Prime;]\n<h3>Archivage \u00e9lectronique \u00e0 long terme<\/h3>\n<ul>\n<li><a href=\"https:\/\/www.docuteam.ch\/fr\/docuteam-cosmos\/\">docuteam cosmos<\/a>, notre solution cloud pour l\u2019archivage num\u00e9rique<\/li>\n<li>D\u00e9mo <a href=\"https:\/\/www.youtube.com\/watch?v=pKuD9diI3k8\" target=\"_blank\" rel=\"noopener\">Archivage num\u00e9rique avec docuteam cosmos<\/a> (40 min) &#8211; <a href=\"https:\/\/www.docuteam.ch\/wp-content\/uploads\/2021\/10\/Pres_ArchivageNumerique_20211020_Ke-Bar-2.pdf\" target=\"_blank\" rel=\"noopener\">Support de la pr\u00e9sentation<\/a><\/li>\n<li>(de) <a href=\"http:\/\/www.docuteam.ch\/wp-content\/uploads\/2021\/04\/Artikel_Arbido_2-2012_Wildi.pdf\" target=\"_blank\" rel=\"noopener noreferrer\">Normen und Standards als Synergiepotentiale in der digitalen Archivierung<\/a><\/li>\n<li>(de) <a href=\"http:\/\/www.docuteam.ch\/wp-content\/uploads\/2021\/04\/Dokumentation_Docuteam-digital.pdf\" target=\"_blank\" rel=\"noopener noreferrer\">Produkte und Vorgehen im Bereich digitale Archivierung<\/a><\/li>\n<li>(fr) <a href=\"https:\/\/www.docuteam.ch\/fr\/formats-darchivage\/\" target=\"_blank\" rel=\"noopener\">Archivage \u00e9lectronique : les formats<\/a><\/li>\n<li>(fr) <a href=\"https:\/\/www.youtube.com\/playlist?list=PLKmwdylSfjRasgPQxrDlC6J8JF99WOKKQ\" target=\"_blank\" rel=\"noopener\">Enregistrements des pr\u00e9sentations\/d\u00e9mo de docuteam context et docuteam sirius lors du docuteam community day du 9 novembre 2023 \u00e0 Lausanne (YouTube)<\/a> (lire <a href=\"https:\/\/www.docuteam.ch\/fr\/docuteam-community-day-2023-nos-outils-context-et-sirius-font-un-carton\/\">billet du blog<\/a>)<\/li>\n<\/ul>\n<h3>Gestion des archives \/ Conservation<\/h3>\n<ul>\n<li><a href=\"https:\/\/www.docuteam.ch\/wp-content\/uploads\/2025\/04\/Guide-de-gestion-des-locaux-darchives_20250324_Gui.pdf\" target=\"_blank\" rel=\"noopener\">Petit guide de gestion des locaux d&rsquo;archives<\/a><\/li>\n<li><a href=\"http:\/\/www.docuteam.ch\/wp-content\/uploads\/2021\/04\/Depliant_ValeursClimat_20170810_Ke.pdf\" target=\"_blank\" rel=\"noopener noreferrer\">Valeurs climatiques<\/a><\/li>\n<li>(de) \u00dcberblicksgrafik <a href=\"http:\/\/www.docuteam.ch\/wp-content\/uploads\/2021\/04\/Produktbeschrieb_docuteam-archivservice.pdf\" target=\"_blank\" rel=\"noopener noreferrer\">docuteam archivservice<\/a><\/li>\n<li>(de) <a href=\"http:\/\/www.docuteam.ch\/wp-content\/uploads\/2021\/04\/Docuteam-Modell2.pdf\" target=\"_blank\" rel=\"noopener noreferrer\">Das Docuteam-Model zur Archivbewirtschaftung (Outsourcing)<\/a><\/li>\n<li>(de) <a href=\"http:\/\/www.docuteam.ch\/wp-content\/uploads\/2021\/04\/Docuteam_Merkblatt_Archivfusion.pdf\" target=\"_blank\" rel=\"noopener noreferrer\">Archivzusammenlegung bei Gemeindezusammenschl\u00fcssen<\/a><\/li>\n<li>(de) <a href=\"http:\/\/www.docuteam.ch\/wp-content\/uploads\/2021\/04\/Vereinsakten.pdf\" target=\"_blank\" rel=\"noopener noreferrer\">Geh\u00f6ren Vereinsakten ins Gemeindearchiv?<\/a><\/li>\n<li>(de) <a href=\"http:\/\/www.docuteam.ch\/wp-content\/uploads\/2021\/04\/Papierzerfall.pdf\" target=\"_blank\" rel=\"noopener noreferrer\">Papierzerfall und passive Konservierung<\/a><\/li>\n<li>(de) <a href=\"https:\/\/www.docuteam.ch\/wp-content\/uploads\/2021\/04\/Merkblatt_Schimmelsporen.pdf\" target=\"_blank\" rel=\"noopener noreferrer\">Schimmelsporen im Archiv<\/a><\/li>\n<\/ul>\n<h3>Gestion de l&rsquo;information<\/h3>\n<ul>\n<li><a href=\"https:\/\/www.docuteam.ch\/wp-content\/uploads\/2021\/04\/Depliant_GID_20170417_Ke.pdf\" target=\"_blank\" rel=\"noopener noreferrer\">Qu\u2019est-ce que la gestion documentaire ?\u00a0Le chemin vers un acc\u00e8s structur\u00e9 \u00e0 l\u2019information<\/a> (d\u00e9pliant)<\/li>\n<li>(de) <a href=\"http:\/\/www.docuteam.ch\/wp-content\/uploads\/2021\/04\/Was-ist-Records-Management.pdf\" target=\"_blank\" rel=\"noopener noreferrer\">Was ist Records Management?<\/a><\/li>\n<li>(de) <a href=\"http:\/\/www.docuteam.ch\/wp-content\/uploads\/2021\/04\/Records-Management-im-Dateisystem_Docuteam.pdf\" target=\"_blank\" rel=\"noopener noreferrer\">Records Management im Dateisystem<\/a><\/li>\n<li>(de) <a href=\"http:\/\/www.docuteam.ch\/wp-content\/uploads\/2021\/04\/Ordnungssystem_Von-der-Entstehung-bis-zur-Abloesung_2014.pdf\" target=\"_blank\" rel=\"noopener noreferrer\">Ordnungssystem \u2013 Von der Entstehung bis zur Abl\u00f6sung<\/a><\/li>\n<li>(de) <a href=\"http:\/\/www.docuteam.ch\/wp-content\/uploads\/2021\/04\/Effizienzsteigerung-RM.pdf\" target=\"_blank\" rel=\"noopener noreferrer\">Effizienzsteigerung dank Records Management<\/a><\/li>\n<li>(de) <a href=\"http:\/\/www.docuteam.ch\/wp-content\/uploads\/2021\/04\/Zusammenfassung_ISO-15489-1.pdf\" target=\"_blank\" rel=\"noopener noreferrer\">Zusammenfassung ISO-Norm 15489-1<\/a><\/li>\n<li>(de) <a href=\"http:\/\/www.docuteam.ch\/wp-content\/uploads\/2021\/04\/Zusammenfassung_ISO-30300.pdf\" target=\"_blank\" rel=\"noopener noreferrer\">Zusammenfassung ISO-Norm 30300<\/a><\/li>\n<li>(de) <a href=\"http:\/\/www.docuteam.ch\/wp-content\/uploads\/2021\/04\/Uebersicht_ISO-Framework.pdf\" target=\"_blank\" rel=\"noopener noreferrer\">Positionierung der ISO-Normen 30300 und 30301<\/a><\/li>\n<\/ul>\n<h3>Questions d&rsquo;archivage conceptuel<\/h3>\n<ul>\n<li>(de) <a href=\"http:\/\/www.docuteam.ch\/wp-content\/uploads\/2021\/04\/docuteam_docs_funktionen_eines_archivs.pdf\" target=\"_blank\" rel=\"noopener noreferrer\">Funktionen eines Archivs<\/a><\/li>\n<li>(de) <a href=\"http:\/\/www.docuteam.ch\/wp-content\/uploads\/2021\/04\/Anleitung_Unternehmensarchive_20120327_St.pdf\" target=\"_blank\" rel=\"noopener noreferrer\">Kurzanleitung f\u00fcr Unternehmensarchive<\/a><\/li>\n<li>(de) <a href=\"https:\/\/www.docuteam.ch\/wp-content\/uploads\/2024\/09\/Faktenblatt-Archivieren-aus-Fachanwendungen-von-Gemeinden.pdf\" target=\"_blank\" rel=\"noopener\">Fachanwendungen in Gemeinden mit archivw\u00fcrdigen Inhalten<\/a><\/li>\n<\/ul>\n[\/vc_column_text][\/vc_column_inner][\/vc_row_inner][\/vc_column][\/vc_row]\n<\/div>","protected":false},"excerpt":{"rendered":"<p>[vc_row full_width=\u00a0\u00bbstretch_row\u00a0\u00bb content_placement=\u00a0\u00bbtop\u00a0\u00bb css=\u00a0\u00bb.vc_custom_1618443962486{margin-top: 60px !important;}\u00a0\u00bb][vc_column][vc_row_inner css=\u00a0\u00bb.vc_custom_1618443935137{margin-top: 10px !important;}\u00a0\u00bb][vc_column_inner width=\u00a0\u00bb1\/4&Prime;][\/vc_column_inner][vc_column_inner width=\u00a0\u00bb3\/4&Prime;][vc_column_text css=\u00a0\u00bb.vc_custom_1678896767633{padding-top: 10px !important;padding-left: 10px !important;}\u00a0\u00bb font_size=\u00a0\u00bb20&Prime; line_height=\u00a0\u00bb2&Prime;]La documentation d\u00e9taill\u00e9e de l&rsquo;ensemble de nos logiciels se trouve sur notre plateforme de documentation. docuteam cosmos (solution compl\u00e8te pour l&rsquo;exploitation d&rsquo;archives num\u00e9riques \u00e0 long terme) docuteam packer (application Java permettant de pr\u00e9parer des paquets de donn\u00e9es pour&hellip;<\/p>\n","protected":false},"author":2,"featured_media":0,"parent":0,"menu_order":0,"comment_status":"closed","ping_status":"closed","template":"","meta":{"footnotes":""},"class_list":["post-84","page","type-page","status-publish","hentry","entry","no-media"],"yoast_head":"<!-- This site is optimized with the Yoast SEO plugin v27.5 - https:\/\/yoast.com\/product\/yoast-seo-wordpress\/ -->\n<title>docuteam - Espace PRO et documentation (archivistique)<\/title>\n<meta name=\"description\" content=\"Acc\u00e8s \u00e0 notre plateforme d\u00e9taillant l\u2019ensemble de nos logiciels et documentation sp\u00e9cifique \u00e0 nos activit\u00e9s.\" \/>\n<meta name=\"robots\" content=\"index, follow, max-snippet:-1, max-image-preview:large, max-video-preview:-1\" \/>\n<link rel=\"canonical\" href=\"https:\/\/www.docuteam.ch\/fr\/espace-pro\/\" \/>\n<meta property=\"og:locale\" content=\"fr_FR\" \/>\n<meta property=\"og:type\" content=\"article\" \/>\n<meta property=\"og:title\" content=\"docuteam - Espace PRO et documentation (archivistique)\" \/>\n<meta property=\"og:description\" content=\"Acc\u00e8s \u00e0 notre plateforme d\u00e9taillant l\u2019ensemble de nos logiciels et documentation sp\u00e9cifique \u00e0 nos activit\u00e9s.\" \/>\n<meta property=\"og:url\" content=\"https:\/\/www.docuteam.ch\/fr\/espace-pro\/\" \/>\n<meta property=\"og:site_name\" content=\"docuteam\" \/>\n<meta property=\"article:modified_time\" content=\"2025-04-09T08:47:30+00:00\" \/>\n<meta property=\"og:image\" content=\"https:\/\/www.docuteam.ch\/wp-content\/uploads\/2021\/04\/docuteam_Dokumentation_UltraHD-scaled.jpg\" \/>\n\t<meta property=\"og:image:width\" content=\"2560\" \/>\n\t<meta property=\"og:image:height\" content=\"1440\" \/>\n\t<meta property=\"og:image:type\" content=\"image\/jpeg\" \/>\n<meta name=\"twitter:card\" content=\"summary_large_image\" \/>\n<meta name=\"twitter:title\" content=\"docuteam - Espace PRO et documentation (archivistique)\" \/>\n<meta name=\"twitter:description\" content=\"Acc\u00e8s \u00e0 notre plateforme d\u00e9taillant l\u2019ensemble de nos logiciels et documentation sp\u00e9cifique \u00e0 nos activit\u00e9s.\" \/>\n<meta name=\"twitter:image\" content=\"https:\/\/www.docuteam.ch\/wp-content\/uploads\/2021\/04\/docuteam_Dokumentation_UltraHD-scaled.jpg\" \/>\n<meta name=\"twitter:site\" content=\"@DocuteamCH\" \/>\n<script type=\"application\/ld+json\" class=\"yoast-schema-graph\">{\"@context\":\"https:\\\/\\\/schema.org\",\"@graph\":[{\"@type\":[\"WebPage\",\"CollectionPage\"],\"@id\":\"https:\\\/\\\/www.docuteam.ch\\\/fr\\\/espace-pro\\\/\",\"url\":\"https:\\\/\\\/www.docuteam.ch\\\/fr\\\/espace-pro\\\/\",\"name\":\"docuteam - Espace PRO et documentation (archivistique)\",\"isPartOf\":{\"@id\":\"https:\\\/\\\/www.docuteam.ch\\\/fr\\\/#website\"},\"datePublished\":\"2021-03-03T12:32:27+00:00\",\"dateModified\":\"2025-04-09T08:47:30+00:00\",\"description\":\"Acc\u00e8s \u00e0 notre plateforme d\u00e9taillant l\u2019ensemble de nos logiciels et documentation sp\u00e9cifique \u00e0 nos activit\u00e9s.\",\"breadcrumb\":{\"@id\":\"https:\\\/\\\/www.docuteam.ch\\\/fr\\\/espace-pro\\\/#breadcrumb\"},\"inLanguage\":\"fr-FR\"},{\"@type\":\"BreadcrumbList\",\"@id\":\"https:\\\/\\\/www.docuteam.ch\\\/fr\\\/espace-pro\\\/#breadcrumb\",\"itemListElement\":[{\"@type\":\"ListItem\",\"position\":1,\"name\":\"Accueil\",\"item\":\"https:\\\/\\\/www.docuteam.ch\\\/fr\\\/\"},{\"@type\":\"ListItem\",\"position\":2,\"name\":\"Espace Pro\"}]},{\"@type\":\"WebSite\",\"@id\":\"https:\\\/\\\/www.docuteam.ch\\\/fr\\\/#website\",\"url\":\"https:\\\/\\\/www.docuteam.ch\\\/fr\\\/\",\"name\":\"docuteam\",\"description\":\"Informationen sind Ihr langfristiges Kapital\",\"publisher\":{\"@id\":\"https:\\\/\\\/www.docuteam.ch\\\/fr\\\/#organization\"},\"potentialAction\":[{\"@type\":\"SearchAction\",\"target\":{\"@type\":\"EntryPoint\",\"urlTemplate\":\"https:\\\/\\\/www.docuteam.ch\\\/fr\\\/?s={search_term_string}\"},\"query-input\":{\"@type\":\"PropertyValueSpecification\",\"valueRequired\":true,\"valueName\":\"search_term_string\"}}],\"inLanguage\":\"fr-FR\"},{\"@type\":\"Organization\",\"@id\":\"https:\\\/\\\/www.docuteam.ch\\\/fr\\\/#organization\",\"name\":\"docuteam\",\"url\":\"https:\\\/\\\/www.docuteam.ch\\\/fr\\\/\",\"logo\":{\"@type\":\"ImageObject\",\"inLanguage\":\"fr-FR\",\"@id\":\"https:\\\/\\\/www.docuteam.ch\\\/fr\\\/#\\\/schema\\\/logo\\\/image\\\/\",\"url\":\"https:\\\/\\\/www.docuteam.ch\\\/wp-content\\\/uploads\\\/2021\\\/03\\\/docuteam_big.png\",\"contentUrl\":\"https:\\\/\\\/www.docuteam.ch\\\/wp-content\\\/uploads\\\/2021\\\/03\\\/docuteam_big.png\",\"width\":200,\"height\":45,\"caption\":\"docuteam\"},\"image\":{\"@id\":\"https:\\\/\\\/www.docuteam.ch\\\/fr\\\/#\\\/schema\\\/logo\\\/image\\\/\"},\"sameAs\":[\"https:\\\/\\\/x.com\\\/DocuteamCH\",\"https:\\\/\\\/www.linkedin.com\\\/company\\\/docuteam-ag\\\/mycompany\\\/\"]}]}<\/script>\n<!-- \/ Yoast SEO plugin. -->","yoast_head_json":{"title":"docuteam - Espace PRO et documentation (archivistique)","description":"Acc\u00e8s \u00e0 notre plateforme d\u00e9taillant l\u2019ensemble de nos logiciels et documentation sp\u00e9cifique \u00e0 nos activit\u00e9s.","robots":{"index":"index","follow":"follow","max-snippet":"max-snippet:-1","max-image-preview":"max-image-preview:large","max-video-preview":"max-video-preview:-1"},"canonical":"https:\/\/www.docuteam.ch\/fr\/espace-pro\/","og_locale":"fr_FR","og_type":"article","og_title":"docuteam - Espace PRO et documentation (archivistique)","og_description":"Acc\u00e8s \u00e0 notre plateforme d\u00e9taillant l\u2019ensemble de nos logiciels et documentation sp\u00e9cifique \u00e0 nos activit\u00e9s.","og_url":"https:\/\/www.docuteam.ch\/fr\/espace-pro\/","og_site_name":"docuteam","article_modified_time":"2025-04-09T08:47:30+00:00","og_image":[{"width":2560,"height":1440,"url":"https:\/\/www.docuteam.ch\/wp-content\/uploads\/2021\/04\/docuteam_Dokumentation_UltraHD-scaled.jpg","type":"image\/jpeg"}],"twitter_card":"summary_large_image","twitter_title":"docuteam - Espace PRO et documentation (archivistique)","twitter_description":"Acc\u00e8s \u00e0 notre plateforme d\u00e9taillant l\u2019ensemble de nos logiciels et documentation sp\u00e9cifique \u00e0 nos activit\u00e9s.","twitter_image":"https:\/\/www.docuteam.ch\/wp-content\/uploads\/2021\/04\/docuteam_Dokumentation_UltraHD-scaled.jpg","twitter_site":"@DocuteamCH","schema":{"@context":"https:\/\/schema.org","@graph":[{"@type":["WebPage","CollectionPage"],"@id":"https:\/\/www.docuteam.ch\/fr\/espace-pro\/","url":"https:\/\/www.docuteam.ch\/fr\/espace-pro\/","name":"docuteam - Espace PRO et documentation (archivistique)","isPartOf":{"@id":"https:\/\/www.docuteam.ch\/fr\/#website"},"datePublished":"2021-03-03T12:32:27+00:00","dateModified":"2025-04-09T08:47:30+00:00","description":"Acc\u00e8s \u00e0 notre plateforme d\u00e9taillant l\u2019ensemble de nos logiciels et documentation sp\u00e9cifique \u00e0 nos activit\u00e9s.","breadcrumb":{"@id":"https:\/\/www.docuteam.ch\/fr\/espace-pro\/#breadcrumb"},"inLanguage":"fr-FR"},{"@type":"BreadcrumbList","@id":"https:\/\/www.docuteam.ch\/fr\/espace-pro\/#breadcrumb","itemListElement":[{"@type":"ListItem","position":1,"name":"Accueil","item":"https:\/\/www.docuteam.ch\/fr\/"},{"@type":"ListItem","position":2,"name":"Espace Pro"}]},{"@type":"WebSite","@id":"https:\/\/www.docuteam.ch\/fr\/#website","url":"https:\/\/www.docuteam.ch\/fr\/","name":"docuteam","description":"Informationen sind Ihr langfristiges Kapital","publisher":{"@id":"https:\/\/www.docuteam.ch\/fr\/#organization"},"potentialAction":[{"@type":"SearchAction","target":{"@type":"EntryPoint","urlTemplate":"https:\/\/www.docuteam.ch\/fr\/?s={search_term_string}"},"query-input":{"@type":"PropertyValueSpecification","valueRequired":true,"valueName":"search_term_string"}}],"inLanguage":"fr-FR"},{"@type":"Organization","@id":"https:\/\/www.docuteam.ch\/fr\/#organization","name":"docuteam","url":"https:\/\/www.docuteam.ch\/fr\/","logo":{"@type":"ImageObject","inLanguage":"fr-FR","@id":"https:\/\/www.docuteam.ch\/fr\/#\/schema\/logo\/image\/","url":"https:\/\/www.docuteam.ch\/wp-content\/uploads\/2021\/03\/docuteam_big.png","contentUrl":"https:\/\/www.docuteam.ch\/wp-content\/uploads\/2021\/03\/docuteam_big.png","width":200,"height":45,"caption":"docuteam"},"image":{"@id":"https:\/\/www.docuteam.ch\/fr\/#\/schema\/logo\/image\/"},"sameAs":["https:\/\/x.com\/DocuteamCH","https:\/\/www.linkedin.com\/company\/docuteam-ag\/mycompany\/"]}]}},"_links":{"self":[{"href":"https:\/\/www.docuteam.ch\/fr\/wp-json\/wp\/v2\/pages\/84","targetHints":{"allow":["GET"]}}],"collection":[{"href":"https:\/\/www.docuteam.ch\/fr\/wp-json\/wp\/v2\/pages"}],"about":[{"href":"https:\/\/www.docuteam.ch\/fr\/wp-json\/wp\/v2\/types\/page"}],"author":[{"embeddable":true,"href":"https:\/\/www.docuteam.ch\/fr\/wp-json\/wp\/v2\/users\/2"}],"replies":[{"embeddable":true,"href":"https:\/\/www.docuteam.ch\/fr\/wp-json\/wp\/v2\/comments?post=84"}],"version-history":[{"count":145,"href":"https:\/\/www.docuteam.ch\/fr\/wp-json\/wp\/v2\/pages\/84\/revisions"}],"predecessor-version":[{"id":55962,"href":"https:\/\/www.docuteam.ch\/fr\/wp-json\/wp\/v2\/pages\/84\/revisions\/55962"}],"wp:attachment":[{"href":"https:\/\/www.docuteam.ch\/fr\/wp-json\/wp\/v2\/media?parent=84"}],"curies":[{"name":"wp","href":"https:\/\/api.w.org\/{rel}","templated":true}]}}